{"id":3177,"date":"2026-01-26T13:33:15","date_gmt":"2026-01-26T12:33:15","guid":{"rendered":"https:\/\/iaec2026granollers.com\/?page_id=3177"},"modified":"2026-02-02T17:03:11","modified_gmt":"2026-02-02T16:03:11","slug":"souleymane-bachir","status":"publish","type":"page","link":"https:\/\/iaec2026granollers.com\/pt\/congres-aice\/ponents\/souleymane-bachir\/","title":{"rendered":"Souleymane Bachir"},"content":{"rendered":"<p align=\"left\"><span lang=\"ca-ES\">Souleymane Bachir \u00e9 um <strong>fil\u00f3sofo e professor<\/strong> Universidade senegalesa, reconhecida como uma das principais refer\u00eancias mundiais em <strong>estudos p\u00f3s-coloniais<\/strong>. Seu trabalho abrange uma ampla gama de \u00e1reas, como a hist\u00f3ria da l\u00f3gica e da matem\u00e1tica, epistemologia, filosofia isl\u00e2mica, hist\u00f3ria da ci\u00eancia e filosofias e literaturas africanas.<\/span><\/p>\n<p align=\"left\"><span lang=\"ca-ES\">Ele foi o primeiro senegal\u00eas admitido na\u2019<a href=\"https:\/\/www.ens.psl.eu\/\">Escola Normal Superior de Paris<\/a> e obteve seu doutorado em Filosofia em 1988. Ele desenvolveu uma carreira acad\u00eamica de destaque como professor em universidades em Dakar, Illinois e Nova York, onde dirige o\u2019<strong>Instituto de Estudos Africanos<\/strong>.<\/span><\/p>\n<p align=\"left\"><span lang=\"ca-ES\">Ele \u00e9 autor de in\u00fameros livros de refer\u00eancia, entre os quais se destaca Bergson P\u00f3s-Colonial, premiado em 2011 pela...\u2019<strong>Academia de Ci\u00eancias Morais e Pol\u00edticas<\/strong>, ano em que tamb\u00e9m recebeu o Pr\u00eamio \u00c9douard Glissant pelo conjunto da sua carreira. Desde 2019, \u00e9 membro da Academia Americana de Artes e Ci\u00eancias e membro associado da Real Academia Belga.<\/span><\/p>\n<h4 align=\"left\"><span lang=\"ca-ES\">Obras em destaque<\/span><\/h4>\n<p align=\"left\"><span lang=\"ca-ES\"><strong>Abertos \u00e0 Raz\u00e3o: Fil\u00f3sofos Mu\u00e7ulmanos em Di\u00e1logo com a Tradi\u00e7\u00e3o Ocidental.<\/strong> Por meio de uma leitura aprofundada de fil\u00f3sofos mu\u00e7ulmanos cl\u00e1ssicos e modernos, Diagne explica a longa hist\u00f3ria da filosofia no mundo isl\u00e2mico e sua relev\u00e2ncia para quest\u00f5es-chave de nossa \u00e9poca.<\/span><\/p>\n<p align=\"left\"><span lang=\"ca-ES\"><strong>A tinta dos estudiosos: reflex\u00f5es sobre filosofia na \u00c1frica.<\/strong>. Este livro explica as quest\u00f5es que os fil\u00f3sofos africanos debatem hoje, identificando os principais temas da reflex\u00e3o filos\u00f3fica no continente.<\/span><\/p>\n<p align=\"left\"><span lang=\"ca-ES\"><strong>De idioma em idioma: a hospitalidade da tradu\u00e7\u00e3o.<\/strong> Reflex\u00f5es nos campos da filosofia intercultural, estudos da tradu\u00e7\u00e3o e pensamento p\u00f3s-colonial.<\/span><\/p>","protected":false},"excerpt":{"rendered":"<p>Souleymane Bachir\u00a0\u00e9s un fil\u00f2sof i professor universitari senegal\u00e8s, reconegut com un dels principals referents mundials dels estudis postcolonials. La seva obra aborda un ampli ventall de camps, com la hist\u00f2ria de la l\u00f2gica i de les matem\u00e0tiques, l\u2019epistemologia, la filosofia isl\u00e0mica, la hist\u00f2ria de la ci\u00e8ncia i les filosofies i literatures africanes. Va ser el [&hellip;]<\/p>","protected":false},"author":1,"featured_media":3178,"parent":2311,"menu_order":35,"comment_status":"closed","ping_status":"closed","template":"page-ponents.php","meta":{"_acf_changed":false,"footnotes":""},"class_list":["post-3177","page","type-page","status-publish","has-post-thumbnail","hentry"],"acf":[],"yoast_head":"<!-- This site is optimized with the Yoast SEO plugin v26.6 - https:\/\/yoast.com\/wordpress\/plugins\/seo\/ -->\n<title>Souleymane Bachir - IAEC 2026 Granollers<\/title>\n<meta name=\"robots\" content=\"index, follow, max-snippet:-1, max-image-preview:large, max-video-preview:-1\" \/>\n<link rel=\"canonical\" href=\"https:\/\/iaec2026granollers.com\/pt\/congres-aice\/ponents\/souleymane-bachir\/\" \/>\n<meta property=\"og:locale\" content=\"pt_PT\" \/>\n<meta property=\"og:type\" content=\"article\" \/>\n<meta property=\"og:title\" content=\"Souleymane Bachir - IAEC 2026 Granollers\" \/>\n<meta property=\"og:description\" content=\"Souleymane Bachir\u00a0\u00e9s un fil\u00f2sof i professor universitari senegal\u00e8s, reconegut com un dels principals referents mundials dels estudis postcolonials. La seva obra aborda un ampli ventall de camps, com la hist\u00f2ria de la l\u00f2gica i de les matem\u00e0tiques, l\u2019epistemologia, la filosofia isl\u00e0mica, la hist\u00f2ria de la ci\u00e8ncia i les filosofies i literatures africanes. Va ser el [&hellip;]\" \/>\n<meta property=\"og:url\" content=\"https:\/\/iaec2026granollers.com\/pt\/congres-aice\/ponents\/souleymane-bachir\/\" \/>\n<meta property=\"og:site_name\" content=\"IAEC 2026 Granollers\" \/>\n<meta property=\"article:modified_time\" content=\"2026-02-02T16:03:11+00:00\" \/>\n<meta property=\"og:image\" content=\"https:\/\/iaec2026granollers.com\/wp-content\/uploads\/2026\/01\/Souleymane_Bachir_Diagne-Strasbourg-Septembre_2018_2-e1769434717355.jpg\" \/>\n\t<meta property=\"og:image:width\" content=\"640\" \/>\n\t<meta property=\"og:image:height\" content=\"717\" \/>\n\t<meta property=\"og:image:type\" content=\"image\/jpeg\" \/>\n<meta name=\"twitter:card\" content=\"summary_large_image\" \/>\n<meta name=\"twitter:label1\" content=\"Tempo estimado de leitura\" \/>\n\t<meta name=\"twitter:data1\" content=\"2 minutos\" \/>\n<script type=\"application\/ld+json\" class=\"yoast-schema-graph\">{\"@context\":\"https:\/\/schema.org\",\"@graph\":[{\"@type\":\"WebPage\",\"@id\":\"https:\/\/iaec2026granollers.com\/congres-aice\/ponents\/souleymane-bachir\/\",\"url\":\"https:\/\/iaec2026granollers.com\/congres-aice\/ponents\/souleymane-bachir\/\",\"name\":\"Souleymane Bachir - IAEC 2026 Granollers\",\"isPartOf\":{\"@id\":\"https:\/\/iaec2026granollers.com\/#website\"},\"primaryImageOfPage\":{\"@id\":\"https:\/\/iaec2026granollers.com\/congres-aice\/ponents\/souleymane-bachir\/#primaryimage\"},\"image\":{\"@id\":\"https:\/\/iaec2026granollers.com\/congres-aice\/ponents\/souleymane-bachir\/#primaryimage\"},\"thumbnailUrl\":\"https:\/\/iaec2026granollers.com\/wp-content\/uploads\/2026\/01\/Souleymane_Bachir_Diagne-Strasbourg-Septembre_2018_2-e1769434717355.jpg\",\"datePublished\":\"2026-01-26T12:33:15+00:00\",\"dateModified\":\"2026-02-02T16:03:11+00:00\",\"breadcrumb\":{\"@id\":\"https:\/\/iaec2026granollers.com\/congres-aice\/ponents\/souleymane-bachir\/#breadcrumb\"},\"inLanguage\":\"pt-PT\",\"potentialAction\":[{\"@type\":\"ReadAction\",\"target\":[\"https:\/\/iaec2026granollers.com\/congres-aice\/ponents\/souleymane-bachir\/\"]}]},{\"@type\":\"ImageObject\",\"inLanguage\":\"pt-PT\",\"@id\":\"https:\/\/iaec2026granollers.com\/congres-aice\/ponents\/souleymane-bachir\/#primaryimage\",\"url\":\"https:\/\/iaec2026granollers.com\/wp-content\/uploads\/2026\/01\/Souleymane_Bachir_Diagne-Strasbourg-Septembre_2018_2-e1769434717355.jpg\",\"contentUrl\":\"https:\/\/iaec2026granollers.com\/wp-content\/uploads\/2026\/01\/Souleymane_Bachir_Diagne-Strasbourg-Septembre_2018_2-e1769434717355.jpg\",\"width\":640,\"height\":717},{\"@type\":\"BreadcrumbList\",\"@id\":\"https:\/\/iaec2026granollers.com\/congres-aice\/ponents\/souleymane-bachir\/#breadcrumb\",\"itemListElement\":[{\"@type\":\"ListItem\",\"position\":1,\"name\":\"Inici\",\"item\":\"https:\/\/iaec2026granollers.com\/\"},{\"@type\":\"ListItem\",\"position\":2,\"name\":\"Congr\u00e9s AICE\",\"item\":\"https:\/\/iaec2026granollers.com\/congres-aice\/\"},{\"@type\":\"ListItem\",\"position\":3,\"name\":\"Ponents\",\"item\":\"https:\/\/iaec2026granollers.com\/congres-aice\/ponents\/\"},{\"@type\":\"ListItem\",\"position\":4,\"name\":\"Souleymane Bachir\"}]},{\"@type\":\"WebSite\",\"@id\":\"https:\/\/iaec2026granollers.com\/#website\",\"url\":\"https:\/\/iaec2026granollers.com\/\",\"name\":\"IAEC 2026 Granollers\",\"description\":\"\",\"potentialAction\":[{\"@type\":\"SearchAction\",\"target\":{\"@type\":\"EntryPoint\",\"urlTemplate\":\"https:\/\/iaec2026granollers.com\/?s={search_term_string}\"},\"query-input\":{\"@type\":\"PropertyValueSpecification\",\"valueRequired\":true,\"valueName\":\"search_term_string\"}}],\"inLanguage\":\"pt-PT\"}]}<\/script>\n<!-- \/ Yoast SEO plugin. -->","yoast_head_json":{"title":"Souleymane Bachir - IAEC 2026 Granollers","robots":{"index":"index","follow":"follow","max-snippet":"max-snippet:-1","max-image-preview":"max-image-preview:large","max-video-preview":"max-video-preview:-1"},"canonical":"https:\/\/iaec2026granollers.com\/pt\/congres-aice\/ponents\/souleymane-bachir\/","og_locale":"pt_PT","og_type":"article","og_title":"Souleymane Bachir - IAEC 2026 Granollers","og_description":"Souleymane Bachir\u00a0\u00e9s un fil\u00f2sof i professor universitari senegal\u00e8s, reconegut com un dels principals referents mundials dels estudis postcolonials. La seva obra aborda un ampli ventall de camps, com la hist\u00f2ria de la l\u00f2gica i de les matem\u00e0tiques, l\u2019epistemologia, la filosofia isl\u00e0mica, la hist\u00f2ria de la ci\u00e8ncia i les filosofies i literatures africanes. Va ser el [&hellip;]","og_url":"https:\/\/iaec2026granollers.com\/pt\/congres-aice\/ponents\/souleymane-bachir\/","og_site_name":"IAEC 2026 Granollers","article_modified_time":"2026-02-02T16:03:11+00:00","og_image":[{"width":640,"height":717,"url":"https:\/\/iaec2026granollers.com\/wp-content\/uploads\/2026\/01\/Souleymane_Bachir_Diagne-Strasbourg-Septembre_2018_2-e1769434717355.jpg","type":"image\/jpeg"}],"twitter_card":"summary_large_image","twitter_misc":{"Tempo estimado de leitura":"2 minutos"},"schema":{"@context":"https:\/\/schema.org","@graph":[{"@type":"WebPage","@id":"https:\/\/iaec2026granollers.com\/congres-aice\/ponents\/souleymane-bachir\/","url":"https:\/\/iaec2026granollers.com\/congres-aice\/ponents\/souleymane-bachir\/","name":"Souleymane Bachir - IAEC 2026 Granollers","isPartOf":{"@id":"https:\/\/iaec2026granollers.com\/#website"},"primaryImageOfPage":{"@id":"https:\/\/iaec2026granollers.com\/congres-aice\/ponents\/souleymane-bachir\/#primaryimage"},"image":{"@id":"https:\/\/iaec2026granollers.com\/congres-aice\/ponents\/souleymane-bachir\/#primaryimage"},"thumbnailUrl":"https:\/\/iaec2026granollers.com\/wp-content\/uploads\/2026\/01\/Souleymane_Bachir_Diagne-Strasbourg-Septembre_2018_2-e1769434717355.jpg","datePublished":"2026-01-26T12:33:15+00:00","dateModified":"2026-02-02T16:03:11+00:00","breadcrumb":{"@id":"https:\/\/iaec2026granollers.com\/congres-aice\/ponents\/souleymane-bachir\/#breadcrumb"},"inLanguage":"pt-PT","potentialAction":[{"@type":"ReadAction","target":["https:\/\/iaec2026granollers.com\/congres-aice\/ponents\/souleymane-bachir\/"]}]},{"@type":"ImageObject","inLanguage":"pt-PT","@id":"https:\/\/iaec2026granollers.com\/congres-aice\/ponents\/souleymane-bachir\/#primaryimage","url":"https:\/\/iaec2026granollers.com\/wp-content\/uploads\/2026\/01\/Souleymane_Bachir_Diagne-Strasbourg-Septembre_2018_2-e1769434717355.jpg","contentUrl":"https:\/\/iaec2026granollers.com\/wp-content\/uploads\/2026\/01\/Souleymane_Bachir_Diagne-Strasbourg-Septembre_2018_2-e1769434717355.jpg","width":640,"height":717},{"@type":"BreadcrumbList","@id":"https:\/\/iaec2026granollers.com\/congres-aice\/ponents\/souleymane-bachir\/#breadcrumb","itemListElement":[{"@type":"ListItem","position":1,"name":"Inici","item":"https:\/\/iaec2026granollers.com\/"},{"@type":"ListItem","position":2,"name":"Congr\u00e9s AICE","item":"https:\/\/iaec2026granollers.com\/congres-aice\/"},{"@type":"ListItem","position":3,"name":"Ponents","item":"https:\/\/iaec2026granollers.com\/congres-aice\/ponents\/"},{"@type":"ListItem","position":4,"name":"Souleymane Bachir"}]},{"@type":"WebSite","@id":"https:\/\/iaec2026granollers.com\/#website","url":"https:\/\/iaec2026granollers.com\/","name":"IAEC 2026 Granollers","description":"","potentialAction":[{"@type":"SearchAction","target":{"@type":"EntryPoint","urlTemplate":"https:\/\/iaec2026granollers.com\/?s={search_term_string}"},"query-input":{"@type":"PropertyValueSpecification","valueRequired":true,"valueName":"search_term_string"}}],"inLanguage":"pt-PT"}]}},"_links":{"self":[{"href":"https:\/\/iaec2026granollers.com\/pt\/wp-json\/wp\/v2\/pages\/3177","targetHints":{"allow":["GET"]}}],"collection":[{"href":"https:\/\/iaec2026granollers.com\/pt\/wp-json\/wp\/v2\/pages"}],"about":[{"href":"https:\/\/iaec2026granollers.com\/pt\/wp-json\/wp\/v2\/types\/page"}],"author":[{"embeddable":true,"href":"https:\/\/iaec2026granollers.com\/pt\/wp-json\/wp\/v2\/users\/1"}],"replies":[{"embeddable":true,"href":"https:\/\/iaec2026granollers.com\/pt\/wp-json\/wp\/v2\/comments?post=3177"}],"version-history":[{"count":10,"href":"https:\/\/iaec2026granollers.com\/pt\/wp-json\/wp\/v2\/pages\/3177\/revisions"}],"predecessor-version":[{"id":3256,"href":"https:\/\/iaec2026granollers.com\/pt\/wp-json\/wp\/v2\/pages\/3177\/revisions\/3256"}],"up":[{"embeddable":true,"href":"https:\/\/iaec2026granollers.com\/pt\/wp-json\/wp\/v2\/pages\/2311"}],"wp:featuredmedia":[{"embeddable":true,"href":"https:\/\/iaec2026granollers.com\/pt\/wp-json\/wp\/v2\/media\/3178"}],"wp:attachment":[{"href":"https:\/\/iaec2026granollers.com\/pt\/wp-json\/wp\/v2\/media?parent=3177"}],"curies":[{"name":"wp","href":"https:\/\/api.w.org\/{rel}","templated":true}]}}