{"id":3228,"date":"2026-02-02T17:02:07","date_gmt":"2026-02-02T16:02:07","guid":{"rendered":"https:\/\/iaec2026granollers.com\/?page_id=3228"},"modified":"2026-02-11T08:16:03","modified_gmt":"2026-02-11T07:16:03","slug":"francesco-tonucci","status":"publish","type":"page","link":"https:\/\/iaec2026granollers.com\/pt\/congres-aice\/ponents\/francesco-tonucci\/","title":{"rendered":"Francesco Tonucci"},"content":{"rendered":"<p>Francesco Tonucci \u00e9 um <strong>psic\u00f3logo educacional<\/strong> e pensador italiano que questiona os modelos educacionais tradicionais, defendendo um<strong> educa\u00e7\u00e3o centrada na crian\u00e7a<\/strong>, Baseia-se na curiosidade, na brincadeira e na explora\u00e7\u00e3o livre. Segundo ele, a aprendizagem deve ser um processo criativo e sem press\u00e3o, onde cada crian\u00e7a aprende no seu pr\u00f3prio ritmo e desenvolve compet\u00eancias para participar ativamente na sociedade.<\/p>\n<p>Tonucci \u00e9 pesquisador na\u2019<strong>Instituto de Psicologia do Conselho Nacional de Pesquisa de Roma<\/strong>. Al\u00e9m de seu trabalho pedag\u00f3gico, Tonucci \u00e9 conhecido por seu alter ego &quot;Frato&quot;, com quem desenha hist\u00f3rias em quadrinhos que criticam, de forma bem-humorada, o sistema educacional e os desafios di\u00e1rios das crian\u00e7as.<\/p>\n<p>Seu projeto <a href=\"https:\/\/www.francescotonucci.org\/es\/la-citta-dei-bambini\"><strong>A cidade das crian\u00e7as<\/strong><\/a> (1991) prop\u00f4s um modelo urbano concebido para garantir a seguran\u00e7a e a autonomia dos mais jovens, promovendo espa\u00e7os p\u00fablicos que favore\u00e7am uma sociedade mais inclusiva e equitativa para todos.<\/p>\n<h4>Obras em destaque<\/h4>\n<p><strong>A cidade das crian\u00e7as.<\/strong> N\u00e3o se trata apenas de uma obra te\u00f3rica: deu origem a um projeto internacional aplicado em dezenas de cidades ao redor do mundo. \u00c9 a principal refer\u00eancia quando se fala de Tonucci em contextos institucionais e municipais.<\/p>\n<p><strong>Com olhos de crian\u00e7a<\/strong>. \u00c9 a obra pedag\u00f3gica mais citada de Francesco Tonucci, onde ele formula sua cr\u00edtica \u00e0s escolas tradicionais e defende uma educa\u00e7\u00e3o baseada na autonomia, curiosidade, experi\u00eancia e confian\u00e7a nas crian\u00e7as.<\/p>\n<p><strong>Quando as crian\u00e7as dizem basta.<\/strong> Este livro consolida a dimens\u00e3o pol\u00edtica e democr\u00e1tica do pensamento de Tonucci. Aqui, as crian\u00e7as aparecem claramente como sujeitos sociais e pol\u00edticos, e n\u00e3o apenas educacionais.<\/p>","protected":false},"excerpt":{"rendered":"<p>Francesco Tonucci \u00e9s un psicopedagog i pensador itali\u00e0 que q\u00fcestiona els models educatius tradicionals, defensant una educaci\u00f3 centrada en els infants, basada en la curiositat, el joc i l&#8217;exploraci\u00f3 lliure. Segons ell, l&#8217;aprenentatge ha de ser un proc\u00e9s creatiu i sense pressions, on cada nen aprengui al seu ritme i desenvolupi habilitats per participar activament [&hellip;]<\/p>","protected":false},"author":7,"featured_media":3350,"parent":2311,"menu_order":28,"comment_status":"closed","ping_status":"closed","template":"page-ponents.php","meta":{"_acf_changed":false,"footnotes":""},"class_list":["post-3228","page","type-page","status-publish","has-post-thumbnail","hentry"],"acf":[],"yoast_head":"<!-- This site is optimized with the Yoast SEO plugin v26.6 - https:\/\/yoast.com\/wordpress\/plugins\/seo\/ -->\n<title>Francesco Tonucci - IAEC 2026 Granollers<\/title>\n<meta name=\"robots\" content=\"index, follow, max-snippet:-1, max-image-preview:large, max-video-preview:-1\" \/>\n<link rel=\"canonical\" href=\"https:\/\/iaec2026granollers.com\/pt\/congres-aice\/ponents\/francesco-tonucci\/\" \/>\n<meta property=\"og:locale\" content=\"pt_PT\" \/>\n<meta property=\"og:type\" content=\"article\" \/>\n<meta property=\"og:title\" content=\"Francesco Tonucci - IAEC 2026 Granollers\" \/>\n<meta property=\"og:description\" content=\"Francesco Tonucci \u00e9s un psicopedagog i pensador itali\u00e0 que q\u00fcestiona els models educatius tradicionals, defensant una educaci\u00f3 centrada en els infants, basada en la curiositat, el joc i l&#8217;exploraci\u00f3 lliure. Segons ell, l&#8217;aprenentatge ha de ser un proc\u00e9s creatiu i sense pressions, on cada nen aprengui al seu ritme i desenvolupi habilitats per participar activament [&hellip;]\" \/>\n<meta property=\"og:url\" content=\"https:\/\/iaec2026granollers.com\/pt\/congres-aice\/ponents\/francesco-tonucci\/\" \/>\n<meta property=\"og:site_name\" content=\"IAEC 2026 Granollers\" \/>\n<meta property=\"article:modified_time\" content=\"2026-02-11T07:16:03+00:00\" \/>\n<meta property=\"og:image\" content=\"https:\/\/iaec2026granollers.com\/wp-content\/uploads\/2026\/02\/Francesco-Tonucci.jpg\" \/>\n\t<meta property=\"og:image:width\" content=\"1729\" \/>\n\t<meta property=\"og:image:height\" content=\"2153\" \/>\n\t<meta property=\"og:image:type\" content=\"image\/jpeg\" \/>\n<meta name=\"twitter:card\" content=\"summary_large_image\" \/>\n<meta name=\"twitter:label1\" content=\"Tempo estimado de leitura\" \/>\n\t<meta name=\"twitter:data1\" content=\"2 minutos\" \/>\n<script type=\"application\/ld+json\" class=\"yoast-schema-graph\">{\"@context\":\"https:\/\/schema.org\",\"@graph\":[{\"@type\":\"WebPage\",\"@id\":\"https:\/\/iaec2026granollers.com\/congres-aice\/ponents\/francesco-tonucci\/\",\"url\":\"https:\/\/iaec2026granollers.com\/congres-aice\/ponents\/francesco-tonucci\/\",\"name\":\"Francesco Tonucci - IAEC 2026 Granollers\",\"isPartOf\":{\"@id\":\"https:\/\/iaec2026granollers.com\/#website\"},\"primaryImageOfPage\":{\"@id\":\"https:\/\/iaec2026granollers.com\/congres-aice\/ponents\/francesco-tonucci\/#primaryimage\"},\"image\":{\"@id\":\"https:\/\/iaec2026granollers.com\/congres-aice\/ponents\/francesco-tonucci\/#primaryimage\"},\"thumbnailUrl\":\"https:\/\/iaec2026granollers.com\/wp-content\/uploads\/2026\/02\/Francesco-Tonucci.jpg\",\"datePublished\":\"2026-02-02T16:02:07+00:00\",\"dateModified\":\"2026-02-11T07:16:03+00:00\",\"breadcrumb\":{\"@id\":\"https:\/\/iaec2026granollers.com\/congres-aice\/ponents\/francesco-tonucci\/#breadcrumb\"},\"inLanguage\":\"pt-PT\",\"potentialAction\":[{\"@type\":\"ReadAction\",\"target\":[\"https:\/\/iaec2026granollers.com\/congres-aice\/ponents\/francesco-tonucci\/\"]}]},{\"@type\":\"ImageObject\",\"inLanguage\":\"pt-PT\",\"@id\":\"https:\/\/iaec2026granollers.com\/congres-aice\/ponents\/francesco-tonucci\/#primaryimage\",\"url\":\"https:\/\/iaec2026granollers.com\/wp-content\/uploads\/2026\/02\/Francesco-Tonucci.jpg\",\"contentUrl\":\"https:\/\/iaec2026granollers.com\/wp-content\/uploads\/2026\/02\/Francesco-Tonucci.jpg\",\"width\":1729,\"height\":2153},{\"@type\":\"BreadcrumbList\",\"@id\":\"https:\/\/iaec2026granollers.com\/congres-aice\/ponents\/francesco-tonucci\/#breadcrumb\",\"itemListElement\":[{\"@type\":\"ListItem\",\"position\":1,\"name\":\"Inici\",\"item\":\"https:\/\/iaec2026granollers.com\/\"},{\"@type\":\"ListItem\",\"position\":2,\"name\":\"Congr\u00e9s AICE\",\"item\":\"https:\/\/iaec2026granollers.com\/congres-aice\/\"},{\"@type\":\"ListItem\",\"position\":3,\"name\":\"Ponents\",\"item\":\"https:\/\/iaec2026granollers.com\/congres-aice\/ponents\/\"},{\"@type\":\"ListItem\",\"position\":4,\"name\":\"Francesco Tonucci\"}]},{\"@type\":\"WebSite\",\"@id\":\"https:\/\/iaec2026granollers.com\/#website\",\"url\":\"https:\/\/iaec2026granollers.com\/\",\"name\":\"IAEC 2026 Granollers\",\"description\":\"\",\"potentialAction\":[{\"@type\":\"SearchAction\",\"target\":{\"@type\":\"EntryPoint\",\"urlTemplate\":\"https:\/\/iaec2026granollers.com\/?s={search_term_string}\"},\"query-input\":{\"@type\":\"PropertyValueSpecification\",\"valueRequired\":true,\"valueName\":\"search_term_string\"}}],\"inLanguage\":\"pt-PT\"}]}<\/script>\n<!-- \/ Yoast SEO plugin. -->","yoast_head_json":{"title":"Francesco Tonucci - IAEC 2026 Granollers","robots":{"index":"index","follow":"follow","max-snippet":"max-snippet:-1","max-image-preview":"max-image-preview:large","max-video-preview":"max-video-preview:-1"},"canonical":"https:\/\/iaec2026granollers.com\/pt\/congres-aice\/ponents\/francesco-tonucci\/","og_locale":"pt_PT","og_type":"article","og_title":"Francesco Tonucci - IAEC 2026 Granollers","og_description":"Francesco Tonucci \u00e9s un psicopedagog i pensador itali\u00e0 que q\u00fcestiona els models educatius tradicionals, defensant una educaci\u00f3 centrada en els infants, basada en la curiositat, el joc i l&#8217;exploraci\u00f3 lliure. Segons ell, l&#8217;aprenentatge ha de ser un proc\u00e9s creatiu i sense pressions, on cada nen aprengui al seu ritme i desenvolupi habilitats per participar activament [&hellip;]","og_url":"https:\/\/iaec2026granollers.com\/pt\/congres-aice\/ponents\/francesco-tonucci\/","og_site_name":"IAEC 2026 Granollers","article_modified_time":"2026-02-11T07:16:03+00:00","og_image":[{"width":1729,"height":2153,"url":"https:\/\/iaec2026granollers.com\/wp-content\/uploads\/2026\/02\/Francesco-Tonucci.jpg","type":"image\/jpeg"}],"twitter_card":"summary_large_image","twitter_misc":{"Tempo estimado de leitura":"2 minutos"},"schema":{"@context":"https:\/\/schema.org","@graph":[{"@type":"WebPage","@id":"https:\/\/iaec2026granollers.com\/congres-aice\/ponents\/francesco-tonucci\/","url":"https:\/\/iaec2026granollers.com\/congres-aice\/ponents\/francesco-tonucci\/","name":"Francesco Tonucci - IAEC 2026 Granollers","isPartOf":{"@id":"https:\/\/iaec2026granollers.com\/#website"},"primaryImageOfPage":{"@id":"https:\/\/iaec2026granollers.com\/congres-aice\/ponents\/francesco-tonucci\/#primaryimage"},"image":{"@id":"https:\/\/iaec2026granollers.com\/congres-aice\/ponents\/francesco-tonucci\/#primaryimage"},"thumbnailUrl":"https:\/\/iaec2026granollers.com\/wp-content\/uploads\/2026\/02\/Francesco-Tonucci.jpg","datePublished":"2026-02-02T16:02:07+00:00","dateModified":"2026-02-11T07:16:03+00:00","breadcrumb":{"@id":"https:\/\/iaec2026granollers.com\/congres-aice\/ponents\/francesco-tonucci\/#breadcrumb"},"inLanguage":"pt-PT","potentialAction":[{"@type":"ReadAction","target":["https:\/\/iaec2026granollers.com\/congres-aice\/ponents\/francesco-tonucci\/"]}]},{"@type":"ImageObject","inLanguage":"pt-PT","@id":"https:\/\/iaec2026granollers.com\/congres-aice\/ponents\/francesco-tonucci\/#primaryimage","url":"https:\/\/iaec2026granollers.com\/wp-content\/uploads\/2026\/02\/Francesco-Tonucci.jpg","contentUrl":"https:\/\/iaec2026granollers.com\/wp-content\/uploads\/2026\/02\/Francesco-Tonucci.jpg","width":1729,"height":2153},{"@type":"BreadcrumbList","@id":"https:\/\/iaec2026granollers.com\/congres-aice\/ponents\/francesco-tonucci\/#breadcrumb","itemListElement":[{"@type":"ListItem","position":1,"name":"Inici","item":"https:\/\/iaec2026granollers.com\/"},{"@type":"ListItem","position":2,"name":"Congr\u00e9s AICE","item":"https:\/\/iaec2026granollers.com\/congres-aice\/"},{"@type":"ListItem","position":3,"name":"Ponents","item":"https:\/\/iaec2026granollers.com\/congres-aice\/ponents\/"},{"@type":"ListItem","position":4,"name":"Francesco Tonucci"}]},{"@type":"WebSite","@id":"https:\/\/iaec2026granollers.com\/#website","url":"https:\/\/iaec2026granollers.com\/","name":"IAEC 2026 Granollers","description":"","potentialAction":[{"@type":"SearchAction","target":{"@type":"EntryPoint","urlTemplate":"https:\/\/iaec2026granollers.com\/?s={search_term_string}"},"query-input":{"@type":"PropertyValueSpecification","valueRequired":true,"valueName":"search_term_string"}}],"inLanguage":"pt-PT"}]}},"_links":{"self":[{"href":"https:\/\/iaec2026granollers.com\/pt\/wp-json\/wp\/v2\/pages\/3228","targetHints":{"allow":["GET"]}}],"collection":[{"href":"https:\/\/iaec2026granollers.com\/pt\/wp-json\/wp\/v2\/pages"}],"about":[{"href":"https:\/\/iaec2026granollers.com\/pt\/wp-json\/wp\/v2\/types\/page"}],"author":[{"embeddable":true,"href":"https:\/\/iaec2026granollers.com\/pt\/wp-json\/wp\/v2\/users\/7"}],"replies":[{"embeddable":true,"href":"https:\/\/iaec2026granollers.com\/pt\/wp-json\/wp\/v2\/comments?post=3228"}],"version-history":[{"count":1,"href":"https:\/\/iaec2026granollers.com\/pt\/wp-json\/wp\/v2\/pages\/3228\/revisions"}],"predecessor-version":[{"id":3307,"href":"https:\/\/iaec2026granollers.com\/pt\/wp-json\/wp\/v2\/pages\/3228\/revisions\/3307"}],"up":[{"embeddable":true,"href":"https:\/\/iaec2026granollers.com\/pt\/wp-json\/wp\/v2\/pages\/2311"}],"wp:featuredmedia":[{"embeddable":true,"href":"https:\/\/iaec2026granollers.com\/pt\/wp-json\/wp\/v2\/media\/3350"}],"wp:attachment":[{"href":"https:\/\/iaec2026granollers.com\/pt\/wp-json\/wp\/v2\/media?parent=3228"}],"curies":[{"name":"wp","href":"https:\/\/api.w.org\/{rel}","templated":true}]}}