{"id":3233,"date":"2026-02-02T17:03:44","date_gmt":"2026-02-02T16:03:44","guid":{"rendered":"https:\/\/iaec2026granollers.com\/?page_id=3233"},"modified":"2026-02-02T17:03:44","modified_gmt":"2026-02-02T16:03:44","slug":"pablo-sendra","status":"publish","type":"page","link":"https:\/\/iaec2026granollers.com\/pt\/congres-aice\/ponents\/pablo-sendra\/","title":{"rendered":"Pablo Sendra"},"content":{"rendered":"<p align=\"left\">Pablo Sendra \u00e9 <strong>arquiteto<\/strong> O programa de forma\u00e7\u00e3o combina ensino e pesquisa com a pr\u00e1tica profissional do planejamento urbano. Atualmente, est\u00e1 em andamento. <strong>professor de Desenho Urbano e Participa\u00e7\u00e3o P\u00fablica<\/strong> na Bartlett School of Planning da University College London e tamb\u00e9m lecionou na Universidade de Cambridge.<\/p>\n<p align=\"left\">Seu trabalho acad\u00eamico tem se concentrado em investigar as possibilidades de <strong>regenera\u00e7\u00e3o de \u00e1reas urbanas marginais<\/strong> que se tornaram obsoletas. Al\u00e9m disso, ele tamb\u00e9m \u00e9 diretor da empresa Lugadero, um est\u00fadio de design urbano que se concentra em facilitar processos de co-cria\u00e7\u00e3o com as comunidades.<\/p>\n<p align=\"left\">Ele \u00e9 coautor do livro Designing Disorder (com Richard Sennett, 2020), que foi traduzido para <strong>oito l\u00ednguas<\/strong>, \u00c9 coautor de *Community-Led Regeneration* (com Daniel Fitzpatrick, 2020) e coeditor de *Civic Practices* (com Maria Jo\u00e3o Pita e CivicWise, 2017). Faz parte do coletivo *City Collective* da revista *City*.<\/p>\n<h4 align=\"left\"><span lang=\"ca-ES\">Obras em destaque<\/span><\/h4>\n<p align=\"left\"><strong>Regenera\u00e7\u00e3o liderada pela comunidade: um guia para moradores e planejadores.<\/strong> (UCL Press, 2020), escrito em coautoria com Daniel Fitzpatrick. Atrav\u00e9s de sete estudos de caso em Londres sobre comunidades que se op\u00f5em \u00e0 demoli\u00e7\u00e3o de habita\u00e7\u00f5es sociais, o livro oferece um conjunto de ferramentas de planejamento que moradores e planejadores podem usar para propor projetos liderados pela comunidade.<\/p>\n<p align=\"left\"><strong>Projete a bagun\u00e7a. Experimentos e rupturas na cidade.<\/strong> (Editorial da Alianza, 2021), um ensaio em duas partes onde, juntamente com o prestigiado soci\u00f3logo Richard Sennett, ele apresenta propostas de design urbano para criar cidades que coexistam com a perturba\u00e7\u00e3o e a diversidade que as habitam.<\/p>","protected":false},"excerpt":{"rendered":"<p>Pablo Sendra \u00e9s arquitecte de formaci\u00f3 i combina la doc\u00e8ncia i la investigaci\u00f3 amb la pr\u00e0ctica professional del disseny urb\u00e0. Actualment \u00e9s professor de Disseny Urb\u00e0 i Participaci\u00f3 P\u00fablica a la Bartlett School of Planning del University College of London i tamb\u00e9 ha impartit classes a la Cambridge University. La seva tasca acad\u00e8mica s\u2019ha centrat [&hellip;]<\/p>","protected":false},"author":7,"featured_media":3234,"parent":2311,"menu_order":40,"comment_status":"closed","ping_status":"closed","template":"page-ponents.php","meta":{"_acf_changed":false,"footnotes":""},"class_list":["post-3233","page","type-page","status-publish","has-post-thumbnail","hentry"],"acf":[],"yoast_head":"<!-- This site is optimized with the Yoast SEO plugin v26.6 - https:\/\/yoast.com\/wordpress\/plugins\/seo\/ -->\n<title>Pablo Sendra - IAEC 2026 Granollers<\/title>\n<meta name=\"robots\" content=\"index, follow, max-snippet:-1, max-image-preview:large, max-video-preview:-1\" \/>\n<link rel=\"canonical\" href=\"https:\/\/iaec2026granollers.com\/pt\/congres-aice\/ponents\/pablo-sendra\/\" \/>\n<meta property=\"og:locale\" content=\"pt_PT\" \/>\n<meta property=\"og:type\" content=\"article\" \/>\n<meta property=\"og:title\" content=\"Pablo Sendra - IAEC 2026 Granollers\" \/>\n<meta property=\"og:description\" content=\"Pablo Sendra \u00e9s arquitecte de formaci\u00f3 i combina la doc\u00e8ncia i la investigaci\u00f3 amb la pr\u00e0ctica professional del disseny urb\u00e0. Actualment \u00e9s professor de Disseny Urb\u00e0 i Participaci\u00f3 P\u00fablica a la Bartlett School of Planning del University College of London i tamb\u00e9 ha impartit classes a la Cambridge University. La seva tasca acad\u00e8mica s\u2019ha centrat [&hellip;]\" \/>\n<meta property=\"og:url\" content=\"https:\/\/iaec2026granollers.com\/pt\/congres-aice\/ponents\/pablo-sendra\/\" \/>\n<meta property=\"og:site_name\" content=\"IAEC 2026 Granollers\" \/>\n<meta property=\"og:image\" content=\"https:\/\/iaec2026granollers.com\/wp-content\/uploads\/2026\/01\/pablo-sendra.jpg\" \/>\n\t<meta property=\"og:image:width\" content=\"500\" \/>\n\t<meta property=\"og:image:height\" content=\"500\" \/>\n\t<meta property=\"og:image:type\" content=\"image\/jpeg\" \/>\n<meta name=\"twitter:card\" content=\"summary_large_image\" \/>\n<meta name=\"twitter:label1\" content=\"Tempo estimado de leitura\" \/>\n\t<meta name=\"twitter:data1\" content=\"2 minutos\" \/>\n<script type=\"application\/ld+json\" class=\"yoast-schema-graph\">{\"@context\":\"https:\/\/schema.org\",\"@graph\":[{\"@type\":\"WebPage\",\"@id\":\"https:\/\/iaec2026granollers.com\/congres-aice\/ponents\/pablo-sendra\/\",\"url\":\"https:\/\/iaec2026granollers.com\/congres-aice\/ponents\/pablo-sendra\/\",\"name\":\"Pablo Sendra - IAEC 2026 Granollers\",\"isPartOf\":{\"@id\":\"https:\/\/iaec2026granollers.com\/#website\"},\"primaryImageOfPage\":{\"@id\":\"https:\/\/iaec2026granollers.com\/congres-aice\/ponents\/pablo-sendra\/#primaryimage\"},\"image\":{\"@id\":\"https:\/\/iaec2026granollers.com\/congres-aice\/ponents\/pablo-sendra\/#primaryimage\"},\"thumbnailUrl\":\"https:\/\/iaec2026granollers.com\/wp-content\/uploads\/2026\/01\/pablo-sendra.jpg\",\"datePublished\":\"2026-02-02T16:03:44+00:00\",\"breadcrumb\":{\"@id\":\"https:\/\/iaec2026granollers.com\/congres-aice\/ponents\/pablo-sendra\/#breadcrumb\"},\"inLanguage\":\"pt-PT\",\"potentialAction\":[{\"@type\":\"ReadAction\",\"target\":[\"https:\/\/iaec2026granollers.com\/congres-aice\/ponents\/pablo-sendra\/\"]}]},{\"@type\":\"ImageObject\",\"inLanguage\":\"pt-PT\",\"@id\":\"https:\/\/iaec2026granollers.com\/congres-aice\/ponents\/pablo-sendra\/#primaryimage\",\"url\":\"https:\/\/iaec2026granollers.com\/wp-content\/uploads\/2026\/01\/pablo-sendra.jpg\",\"contentUrl\":\"https:\/\/iaec2026granollers.com\/wp-content\/uploads\/2026\/01\/pablo-sendra.jpg\",\"width\":500,\"height\":500,\"caption\":\"pablo sendra\"},{\"@type\":\"BreadcrumbList\",\"@id\":\"https:\/\/iaec2026granollers.com\/congres-aice\/ponents\/pablo-sendra\/#breadcrumb\",\"itemListElement\":[{\"@type\":\"ListItem\",\"position\":1,\"name\":\"Inici\",\"item\":\"https:\/\/iaec2026granollers.com\/\"},{\"@type\":\"ListItem\",\"position\":2,\"name\":\"Congr\u00e9s AICE\",\"item\":\"https:\/\/iaec2026granollers.com\/congres-aice\/\"},{\"@type\":\"ListItem\",\"position\":3,\"name\":\"Ponents\",\"item\":\"https:\/\/iaec2026granollers.com\/congres-aice\/ponents\/\"},{\"@type\":\"ListItem\",\"position\":4,\"name\":\"Pablo Sendra\"}]},{\"@type\":\"WebSite\",\"@id\":\"https:\/\/iaec2026granollers.com\/#website\",\"url\":\"https:\/\/iaec2026granollers.com\/\",\"name\":\"IAEC 2026 Granollers\",\"description\":\"\",\"potentialAction\":[{\"@type\":\"SearchAction\",\"target\":{\"@type\":\"EntryPoint\",\"urlTemplate\":\"https:\/\/iaec2026granollers.com\/?s={search_term_string}\"},\"query-input\":{\"@type\":\"PropertyValueSpecification\",\"valueRequired\":true,\"valueName\":\"search_term_string\"}}],\"inLanguage\":\"pt-PT\"}]}<\/script>\n<!-- \/ Yoast SEO plugin. -->","yoast_head_json":{"title":"Pablo Sendra - IAEC 2026 Granollers","robots":{"index":"index","follow":"follow","max-snippet":"max-snippet:-1","max-image-preview":"max-image-preview:large","max-video-preview":"max-video-preview:-1"},"canonical":"https:\/\/iaec2026granollers.com\/pt\/congres-aice\/ponents\/pablo-sendra\/","og_locale":"pt_PT","og_type":"article","og_title":"Pablo Sendra - IAEC 2026 Granollers","og_description":"Pablo Sendra \u00e9s arquitecte de formaci\u00f3 i combina la doc\u00e8ncia i la investigaci\u00f3 amb la pr\u00e0ctica professional del disseny urb\u00e0. Actualment \u00e9s professor de Disseny Urb\u00e0 i Participaci\u00f3 P\u00fablica a la Bartlett School of Planning del University College of London i tamb\u00e9 ha impartit classes a la Cambridge University. La seva tasca acad\u00e8mica s\u2019ha centrat [&hellip;]","og_url":"https:\/\/iaec2026granollers.com\/pt\/congres-aice\/ponents\/pablo-sendra\/","og_site_name":"IAEC 2026 Granollers","og_image":[{"width":500,"height":500,"url":"https:\/\/iaec2026granollers.com\/wp-content\/uploads\/2026\/01\/pablo-sendra.jpg","type":"image\/jpeg"}],"twitter_card":"summary_large_image","twitter_misc":{"Tempo estimado de leitura":"2 minutos"},"schema":{"@context":"https:\/\/schema.org","@graph":[{"@type":"WebPage","@id":"https:\/\/iaec2026granollers.com\/congres-aice\/ponents\/pablo-sendra\/","url":"https:\/\/iaec2026granollers.com\/congres-aice\/ponents\/pablo-sendra\/","name":"Pablo Sendra - IAEC 2026 Granollers","isPartOf":{"@id":"https:\/\/iaec2026granollers.com\/#website"},"primaryImageOfPage":{"@id":"https:\/\/iaec2026granollers.com\/congres-aice\/ponents\/pablo-sendra\/#primaryimage"},"image":{"@id":"https:\/\/iaec2026granollers.com\/congres-aice\/ponents\/pablo-sendra\/#primaryimage"},"thumbnailUrl":"https:\/\/iaec2026granollers.com\/wp-content\/uploads\/2026\/01\/pablo-sendra.jpg","datePublished":"2026-02-02T16:03:44+00:00","breadcrumb":{"@id":"https:\/\/iaec2026granollers.com\/congres-aice\/ponents\/pablo-sendra\/#breadcrumb"},"inLanguage":"pt-PT","potentialAction":[{"@type":"ReadAction","target":["https:\/\/iaec2026granollers.com\/congres-aice\/ponents\/pablo-sendra\/"]}]},{"@type":"ImageObject","inLanguage":"pt-PT","@id":"https:\/\/iaec2026granollers.com\/congres-aice\/ponents\/pablo-sendra\/#primaryimage","url":"https:\/\/iaec2026granollers.com\/wp-content\/uploads\/2026\/01\/pablo-sendra.jpg","contentUrl":"https:\/\/iaec2026granollers.com\/wp-content\/uploads\/2026\/01\/pablo-sendra.jpg","width":500,"height":500,"caption":"pablo sendra"},{"@type":"BreadcrumbList","@id":"https:\/\/iaec2026granollers.com\/congres-aice\/ponents\/pablo-sendra\/#breadcrumb","itemListElement":[{"@type":"ListItem","position":1,"name":"Inici","item":"https:\/\/iaec2026granollers.com\/"},{"@type":"ListItem","position":2,"name":"Congr\u00e9s AICE","item":"https:\/\/iaec2026granollers.com\/congres-aice\/"},{"@type":"ListItem","position":3,"name":"Ponents","item":"https:\/\/iaec2026granollers.com\/congres-aice\/ponents\/"},{"@type":"ListItem","position":4,"name":"Pablo Sendra"}]},{"@type":"WebSite","@id":"https:\/\/iaec2026granollers.com\/#website","url":"https:\/\/iaec2026granollers.com\/","name":"IAEC 2026 Granollers","description":"","potentialAction":[{"@type":"SearchAction","target":{"@type":"EntryPoint","urlTemplate":"https:\/\/iaec2026granollers.com\/?s={search_term_string}"},"query-input":{"@type":"PropertyValueSpecification","valueRequired":true,"valueName":"search_term_string"}}],"inLanguage":"pt-PT"}]}},"_links":{"self":[{"href":"https:\/\/iaec2026granollers.com\/pt\/wp-json\/wp\/v2\/pages\/3233","targetHints":{"allow":["GET"]}}],"collection":[{"href":"https:\/\/iaec2026granollers.com\/pt\/wp-json\/wp\/v2\/pages"}],"about":[{"href":"https:\/\/iaec2026granollers.com\/pt\/wp-json\/wp\/v2\/types\/page"}],"author":[{"embeddable":true,"href":"https:\/\/iaec2026granollers.com\/pt\/wp-json\/wp\/v2\/users\/7"}],"replies":[{"embeddable":true,"href":"https:\/\/iaec2026granollers.com\/pt\/wp-json\/wp\/v2\/comments?post=3233"}],"version-history":[{"count":2,"href":"https:\/\/iaec2026granollers.com\/pt\/wp-json\/wp\/v2\/pages\/3233\/revisions"}],"predecessor-version":[{"id":3270,"href":"https:\/\/iaec2026granollers.com\/pt\/wp-json\/wp\/v2\/pages\/3233\/revisions\/3270"}],"up":[{"embeddable":true,"href":"https:\/\/iaec2026granollers.com\/pt\/wp-json\/wp\/v2\/pages\/2311"}],"wp:featuredmedia":[{"embeddable":true,"href":"https:\/\/iaec2026granollers.com\/pt\/wp-json\/wp\/v2\/media\/3234"}],"wp:attachment":[{"href":"https:\/\/iaec2026granollers.com\/pt\/wp-json\/wp\/v2\/media?parent=3233"}],"curies":[{"name":"wp","href":"https:\/\/api.w.org\/{rel}","templated":true}]}}