{"id":3236,"date":"2026-02-02T17:02:52","date_gmt":"2026-02-02T16:02:52","guid":{"rendered":"https:\/\/iaec2026granollers.com\/?page_id=3236"},"modified":"2026-02-02T17:02:52","modified_gmt":"2026-02-02T16:02:52","slug":"philippe-meirieu","status":"publish","type":"page","link":"https:\/\/iaec2026granollers.com\/pt\/congres-aice\/ponents\/philippe-meirieu\/","title":{"rendered":"Philippe Meirieu"},"content":{"rendered":"<p align=\"left\">Philippe Meirieu \u00e9 um<strong> pesquisador, ensa\u00edsta, professor e pedagogo<\/strong> Um dos principais intelectuais franceses, com uma produ\u00e7\u00e3o intelectual muito prol\u00edfica e participa\u00e7\u00e3o constante nas institui\u00e7\u00f5es e nos debates pedag\u00f3gicos das \u00faltimas d\u00e9cadas na Fran\u00e7a.<\/p>\n<p align=\"left\">Especialista em <strong>ci\u00eancias educacionais<\/strong> e pedagogia, \u00e9 professor de Ci\u00eancias da Educa\u00e7\u00e3o na Universidade Lumi\u00e8re-Lyon 2, onde desenvolveu uma intensa atividade de pesquisa, especialmente em pedagogia diferenciada e filosofia da educa\u00e7\u00e3o. Ele tamb\u00e9m dirigiu<strong> 49 teses de doutorado<\/strong> e escreveu mais de quarenta livros.<\/p>\n<p align=\"left\">Formado em Filosofia e Letras em Paris, iniciou seu ativismo em movimentos de educa\u00e7\u00e3o popular ainda muito jovem. Ele tem sido uma figura fundamental na dissemina\u00e7\u00e3o dos princ\u00edpios da...<strong> Novo movimento educacional<\/strong>. Ele participou do projeto e da constru\u00e7\u00e3o dos Institutos Universit\u00e1rios de Forma\u00e7\u00e3o de Professores e dirigiu o de Lyon at\u00e9 2006.<\/p>\n<p align=\"left\">Meirieu defende que o professor deve se colocar no lugar do aluno. Em conson\u00e2ncia com essa convic\u00e7\u00e3o, ele solicitou o retorno ao ensino em uma escola de ensino m\u00e9dio nos arredores de Lyon, apesar de sua forma\u00e7\u00e3o universit\u00e1ria, afirmando que <strong>Os professores n\u00e3o podem ser formados sem contato direto com os alunos.<\/strong>.<\/p>\n<h4 align=\"left\"><span lang=\"ca-ES\">Obras em destaque<\/span><\/h4>\n<p align=\"left\"><strong>Educador de Frankenstein.<\/strong> Uma obra influente na reflex\u00e3o pedag\u00f3gica que compara a figura do monstro de Frankenstein com modelos educacionais baseados no controle e na &quot;fabrica\u00e7\u00e3o&quot; do outro, e prop\u00f5e uma outra forma de compreender a educa\u00e7\u00e3o.<\/p>\n<p align=\"left\"><strong>Pedagogia: Necessidade de resistir.<\/strong> Reflex\u00e3o sobre a necessidade de resistir tanto \u00e0 comercializa\u00e7\u00e3o da educa\u00e7\u00e3o quanto \u00e0 imposi\u00e7\u00e3o de &quot;solu\u00e7\u00f5es f\u00e1ceis&quot;, defendendo uma pedagogia baseada na transmiss\u00e3o do conhecimento e na forma\u00e7\u00e3o de indiv\u00edduos livres e solid\u00e1rios.<\/p>\n<p align=\"left\"><strong>O que a escola ainda pode fazer pela democracia.<\/strong> Uma obra que explora a rela\u00e7\u00e3o entre educa\u00e7\u00e3o e democracia, os valores que as escolas podem promover e a import\u00e2ncia da pedagogia no fomento da cidadania ativa.<\/p>","protected":false},"excerpt":{"rendered":"<p>Philippe Meirieu \u00e9s un investigador, assagista, docent i pedagog franc\u00e8s de refer\u00e8ncia, amb una producci\u00f3 intel\u00b7lectual molt prol\u00edfica i una participaci\u00f3 constant en les institucions i els debats pedag\u00f2gics de les darreres d\u00e8cades a Fran\u00e7a. Especialista en ci\u00e8ncies de l\u2019educaci\u00f3 i pedagogia, \u00e9s professor de Ci\u00e8ncies de l\u2019Educaci\u00f3 a la Universitat Lumi\u00e8re\u2013Lyon 2, on ha [&hellip;]<\/p>","protected":false},"author":7,"featured_media":3237,"parent":2311,"menu_order":33,"comment_status":"closed","ping_status":"closed","template":"page-ponents.php","meta":{"_acf_changed":false,"footnotes":""},"class_list":["post-3236","page","type-page","status-publish","has-post-thumbnail","hentry"],"acf":[],"yoast_head":"<!-- This site is optimized with the Yoast SEO plugin v26.6 - https:\/\/yoast.com\/wordpress\/plugins\/seo\/ -->\n<title>Philippe Meirieu - IAEC 2026 Granollers<\/title>\n<meta name=\"robots\" content=\"index, follow, max-snippet:-1, max-image-preview:large, max-video-preview:-1\" \/>\n<link rel=\"canonical\" href=\"https:\/\/iaec2026granollers.com\/pt\/congres-aice\/ponents\/philippe-meirieu\/\" \/>\n<meta property=\"og:locale\" content=\"pt_PT\" \/>\n<meta property=\"og:type\" content=\"article\" \/>\n<meta property=\"og:title\" content=\"Philippe Meirieu - IAEC 2026 Granollers\" \/>\n<meta property=\"og:description\" content=\"Philippe Meirieu \u00e9s un investigador, assagista, docent i pedagog franc\u00e8s de refer\u00e8ncia, amb una producci\u00f3 intel\u00b7lectual molt prol\u00edfica i una participaci\u00f3 constant en les institucions i els debats pedag\u00f2gics de les darreres d\u00e8cades a Fran\u00e7a. Especialista en ci\u00e8ncies de l\u2019educaci\u00f3 i pedagogia, \u00e9s professor de Ci\u00e8ncies de l\u2019Educaci\u00f3 a la Universitat Lumi\u00e8re\u2013Lyon 2, on ha [&hellip;]\" \/>\n<meta property=\"og:url\" content=\"https:\/\/iaec2026granollers.com\/pt\/congres-aice\/ponents\/philippe-meirieu\/\" \/>\n<meta property=\"og:site_name\" content=\"IAEC 2026 Granollers\" \/>\n<meta property=\"og:image\" content=\"https:\/\/iaec2026granollers.com\/wp-content\/uploads\/2026\/01\/Philippe-Meirieu.jpg\" \/>\n\t<meta property=\"og:image:width\" content=\"640\" \/>\n\t<meta property=\"og:image:height\" content=\"960\" \/>\n\t<meta property=\"og:image:type\" content=\"image\/jpeg\" \/>\n<meta name=\"twitter:card\" content=\"summary_large_image\" \/>\n<meta name=\"twitter:label1\" content=\"Tempo estimado de leitura\" \/>\n\t<meta name=\"twitter:data1\" content=\"2 minutos\" \/>\n<script type=\"application\/ld+json\" class=\"yoast-schema-graph\">{\"@context\":\"https:\/\/schema.org\",\"@graph\":[{\"@type\":\"WebPage\",\"@id\":\"https:\/\/iaec2026granollers.com\/congres-aice\/ponents\/philippe-meirieu\/\",\"url\":\"https:\/\/iaec2026granollers.com\/congres-aice\/ponents\/philippe-meirieu\/\",\"name\":\"Philippe Meirieu - IAEC 2026 Granollers\",\"isPartOf\":{\"@id\":\"https:\/\/iaec2026granollers.com\/#website\"},\"primaryImageOfPage\":{\"@id\":\"https:\/\/iaec2026granollers.com\/congres-aice\/ponents\/philippe-meirieu\/#primaryimage\"},\"image\":{\"@id\":\"https:\/\/iaec2026granollers.com\/congres-aice\/ponents\/philippe-meirieu\/#primaryimage\"},\"thumbnailUrl\":\"https:\/\/iaec2026granollers.com\/wp-content\/uploads\/2026\/01\/Philippe-Meirieu.jpg\",\"datePublished\":\"2026-02-02T16:02:52+00:00\",\"breadcrumb\":{\"@id\":\"https:\/\/iaec2026granollers.com\/congres-aice\/ponents\/philippe-meirieu\/#breadcrumb\"},\"inLanguage\":\"pt-PT\",\"potentialAction\":[{\"@type\":\"ReadAction\",\"target\":[\"https:\/\/iaec2026granollers.com\/congres-aice\/ponents\/philippe-meirieu\/\"]}]},{\"@type\":\"ImageObject\",\"inLanguage\":\"pt-PT\",\"@id\":\"https:\/\/iaec2026granollers.com\/congres-aice\/ponents\/philippe-meirieu\/#primaryimage\",\"url\":\"https:\/\/iaec2026granollers.com\/wp-content\/uploads\/2026\/01\/Philippe-Meirieu.jpg\",\"contentUrl\":\"https:\/\/iaec2026granollers.com\/wp-content\/uploads\/2026\/01\/Philippe-Meirieu.jpg\",\"width\":640,\"height\":960,\"caption\":\"Philippe Meirieu\"},{\"@type\":\"BreadcrumbList\",\"@id\":\"https:\/\/iaec2026granollers.com\/congres-aice\/ponents\/philippe-meirieu\/#breadcrumb\",\"itemListElement\":[{\"@type\":\"ListItem\",\"position\":1,\"name\":\"Inici\",\"item\":\"https:\/\/iaec2026granollers.com\/\"},{\"@type\":\"ListItem\",\"position\":2,\"name\":\"Congr\u00e9s AICE\",\"item\":\"https:\/\/iaec2026granollers.com\/congres-aice\/\"},{\"@type\":\"ListItem\",\"position\":3,\"name\":\"Ponents\",\"item\":\"https:\/\/iaec2026granollers.com\/congres-aice\/ponents\/\"},{\"@type\":\"ListItem\",\"position\":4,\"name\":\"Philippe Meirieu\"}]},{\"@type\":\"WebSite\",\"@id\":\"https:\/\/iaec2026granollers.com\/#website\",\"url\":\"https:\/\/iaec2026granollers.com\/\",\"name\":\"IAEC 2026 Granollers\",\"description\":\"\",\"potentialAction\":[{\"@type\":\"SearchAction\",\"target\":{\"@type\":\"EntryPoint\",\"urlTemplate\":\"https:\/\/iaec2026granollers.com\/?s={search_term_string}\"},\"query-input\":{\"@type\":\"PropertyValueSpecification\",\"valueRequired\":true,\"valueName\":\"search_term_string\"}}],\"inLanguage\":\"pt-PT\"}]}<\/script>\n<!-- \/ Yoast SEO plugin. -->","yoast_head_json":{"title":"Philippe Meirieu - IAEC 2026 Granollers","robots":{"index":"index","follow":"follow","max-snippet":"max-snippet:-1","max-image-preview":"max-image-preview:large","max-video-preview":"max-video-preview:-1"},"canonical":"https:\/\/iaec2026granollers.com\/pt\/congres-aice\/ponents\/philippe-meirieu\/","og_locale":"pt_PT","og_type":"article","og_title":"Philippe Meirieu - IAEC 2026 Granollers","og_description":"Philippe Meirieu \u00e9s un investigador, assagista, docent i pedagog franc\u00e8s de refer\u00e8ncia, amb una producci\u00f3 intel\u00b7lectual molt prol\u00edfica i una participaci\u00f3 constant en les institucions i els debats pedag\u00f2gics de les darreres d\u00e8cades a Fran\u00e7a. Especialista en ci\u00e8ncies de l\u2019educaci\u00f3 i pedagogia, \u00e9s professor de Ci\u00e8ncies de l\u2019Educaci\u00f3 a la Universitat Lumi\u00e8re\u2013Lyon 2, on ha [&hellip;]","og_url":"https:\/\/iaec2026granollers.com\/pt\/congres-aice\/ponents\/philippe-meirieu\/","og_site_name":"IAEC 2026 Granollers","og_image":[{"width":640,"height":960,"url":"https:\/\/iaec2026granollers.com\/wp-content\/uploads\/2026\/01\/Philippe-Meirieu.jpg","type":"image\/jpeg"}],"twitter_card":"summary_large_image","twitter_misc":{"Tempo estimado de leitura":"2 minutos"},"schema":{"@context":"https:\/\/schema.org","@graph":[{"@type":"WebPage","@id":"https:\/\/iaec2026granollers.com\/congres-aice\/ponents\/philippe-meirieu\/","url":"https:\/\/iaec2026granollers.com\/congres-aice\/ponents\/philippe-meirieu\/","name":"Philippe Meirieu - IAEC 2026 Granollers","isPartOf":{"@id":"https:\/\/iaec2026granollers.com\/#website"},"primaryImageOfPage":{"@id":"https:\/\/iaec2026granollers.com\/congres-aice\/ponents\/philippe-meirieu\/#primaryimage"},"image":{"@id":"https:\/\/iaec2026granollers.com\/congres-aice\/ponents\/philippe-meirieu\/#primaryimage"},"thumbnailUrl":"https:\/\/iaec2026granollers.com\/wp-content\/uploads\/2026\/01\/Philippe-Meirieu.jpg","datePublished":"2026-02-02T16:02:52+00:00","breadcrumb":{"@id":"https:\/\/iaec2026granollers.com\/congres-aice\/ponents\/philippe-meirieu\/#breadcrumb"},"inLanguage":"pt-PT","potentialAction":[{"@type":"ReadAction","target":["https:\/\/iaec2026granollers.com\/congres-aice\/ponents\/philippe-meirieu\/"]}]},{"@type":"ImageObject","inLanguage":"pt-PT","@id":"https:\/\/iaec2026granollers.com\/congres-aice\/ponents\/philippe-meirieu\/#primaryimage","url":"https:\/\/iaec2026granollers.com\/wp-content\/uploads\/2026\/01\/Philippe-Meirieu.jpg","contentUrl":"https:\/\/iaec2026granollers.com\/wp-content\/uploads\/2026\/01\/Philippe-Meirieu.jpg","width":640,"height":960,"caption":"Philippe Meirieu"},{"@type":"BreadcrumbList","@id":"https:\/\/iaec2026granollers.com\/congres-aice\/ponents\/philippe-meirieu\/#breadcrumb","itemListElement":[{"@type":"ListItem","position":1,"name":"Inici","item":"https:\/\/iaec2026granollers.com\/"},{"@type":"ListItem","position":2,"name":"Congr\u00e9s AICE","item":"https:\/\/iaec2026granollers.com\/congres-aice\/"},{"@type":"ListItem","position":3,"name":"Ponents","item":"https:\/\/iaec2026granollers.com\/congres-aice\/ponents\/"},{"@type":"ListItem","position":4,"name":"Philippe Meirieu"}]},{"@type":"WebSite","@id":"https:\/\/iaec2026granollers.com\/#website","url":"https:\/\/iaec2026granollers.com\/","name":"IAEC 2026 Granollers","description":"","potentialAction":[{"@type":"SearchAction","target":{"@type":"EntryPoint","urlTemplate":"https:\/\/iaec2026granollers.com\/?s={search_term_string}"},"query-input":{"@type":"PropertyValueSpecification","valueRequired":true,"valueName":"search_term_string"}}],"inLanguage":"pt-PT"}]}},"_links":{"self":[{"href":"https:\/\/iaec2026granollers.com\/pt\/wp-json\/wp\/v2\/pages\/3236","targetHints":{"allow":["GET"]}}],"collection":[{"href":"https:\/\/iaec2026granollers.com\/pt\/wp-json\/wp\/v2\/pages"}],"about":[{"href":"https:\/\/iaec2026granollers.com\/pt\/wp-json\/wp\/v2\/types\/page"}],"author":[{"embeddable":true,"href":"https:\/\/iaec2026granollers.com\/pt\/wp-json\/wp\/v2\/users\/7"}],"replies":[{"embeddable":true,"href":"https:\/\/iaec2026granollers.com\/pt\/wp-json\/wp\/v2\/comments?post=3236"}],"version-history":[{"count":1,"href":"https:\/\/iaec2026granollers.com\/pt\/wp-json\/wp\/v2\/pages\/3236\/revisions"}],"predecessor-version":[{"id":3238,"href":"https:\/\/iaec2026granollers.com\/pt\/wp-json\/wp\/v2\/pages\/3236\/revisions\/3238"}],"up":[{"embeddable":true,"href":"https:\/\/iaec2026granollers.com\/pt\/wp-json\/wp\/v2\/pages\/2311"}],"wp:featuredmedia":[{"embeddable":true,"href":"https:\/\/iaec2026granollers.com\/pt\/wp-json\/wp\/v2\/media\/3237"}],"wp:attachment":[{"href":"https:\/\/iaec2026granollers.com\/pt\/wp-json\/wp\/v2\/media?parent=3236"}],"curies":[{"name":"wp","href":"https:\/\/api.w.org\/{rel}","templated":true}]}}