{"id":3239,"date":"2026-02-02T17:02:45","date_gmt":"2026-02-02T16:02:45","guid":{"rendered":"https:\/\/iaec2026granollers.com\/?page_id=3239"},"modified":"2026-02-02T17:02:45","modified_gmt":"2026-02-02T16:02:45","slug":"marina-garces","status":"publish","type":"page","link":"https:\/\/iaec2026granollers.com\/pt\/congres-aice\/ponents\/marina-garces\/","title":{"rendered":"Marina Garces"},"content":{"rendered":"<p align=\"left\">Marina Garc\u00e9s \u00e9<strong> fil\u00f3sofo, ensa\u00edsta e professor<\/strong> Ela \u00e9 professora de Filosofia do Pensamento Filos\u00f3fico e Cient\u00edfico Contempor\u00e2neo na Universidade Aberta da Catalunha, onde tamb\u00e9m dirige o mestrado em Filosofia para os Desafios Contempor\u00e2neos. Foi professora na Universidade de Sarago\u00e7a durante quinze anos e lecionou na Universidade Pompeu Fabra e na Universidade de Girona.<\/p>\n<p align=\"left\">Seu pensamento situa-se numa perspectiva de pensamento cr\u00edtico orientada para a a\u00e7\u00e3o e a emancipa\u00e7\u00e3o. Ele concebe a filosofia como um modo de vida ligado n\u00e3o apenas \u00e0 academia, mas tamb\u00e9m \u00e0 sociedade. <strong>movimentos sociais e culturais<\/strong>, entendidas como espa\u00e7os para experimenta\u00e7\u00e3o, cr\u00edtica e compromisso.<\/p>\n<p align=\"left\">Ela \u00e9 autora de uma extensa obra na \u00e1rea de <strong>pensamento cr\u00edtico, pol\u00edtica, educa\u00e7\u00e3o e humanidades<\/strong>. Entre seus livros est\u00e3o Nova il\u00b7lustraci\u00f3 radical (2017), premiado com o Pr\u00eamio de Ensaio Ciutat de Barcelona, Escola d&#039;aprenents (2020) e Pedagogies i emancipaci\u00f3 (2020).<\/p>\n<h4 align=\"left\"><span lang=\"ca-ES\">Obras em destaque<\/span><\/h4>\n<p align=\"left\"><strong>Filosofia inacabada.<\/strong> Um de seus textos mais conhecidos, que expressa sua maneira de fazer filosofia como uma pr\u00e1xis aberta e cr\u00edtica, comprometida com o presente. \u00c9 amplamente citado em discuss\u00f5es sobre sua obra introdut\u00f3ria e a constru\u00e7\u00e3o do pensamento cr\u00edtico.<\/p>\n<p align=\"left\"><strong>Ilustra\u00e7\u00e3o radicalmente nova.<\/strong> Recebeu o Pr\u00eamio da Cidade de Barcelona por sua capacidade de repensar o Iluminismo e a necessidade de um pensamento cr\u00edtico renovado em tempos de crise. Esta \u00e9 uma de suas contribui\u00e7\u00f5es mais not\u00e1veis e internacionalmente citadas.<\/p>\n<p align=\"left\"><strong>Um mundo comum.<\/strong> Considerado fundamental para a compreens\u00e3o do compromisso de Garc\u00e9s com a filosofia como um ato coletivo e orientado para a coexist\u00eancia e a interdepend\u00eancia do comum, este livro tem sido frequentemente citado como o ponto de partida de sua carreira.<\/p>","protected":false},"excerpt":{"rendered":"<p>Marina Garc\u00e9s \u00e9s fil\u00f2sofa, assagista i professora de Pensament filos\u00f2fic i cient\u00edfic contemporani a la Universitat Oberta de Catalunya, on tamb\u00e9 dirigeix el m\u00e0ster de Filosofia per als reptes contemporanis. Ha estat professora a la Universitat de Saragossa durant quinze anys i ha impartit doc\u00e8ncia a la Universitat Pompeu Fabra i la Universitat de Girona. [&hellip;]<\/p>","protected":false},"author":7,"featured_media":3240,"parent":2311,"menu_order":32,"comment_status":"closed","ping_status":"closed","template":"page-ponents.php","meta":{"_acf_changed":false,"footnotes":""},"class_list":["post-3239","page","type-page","status-publish","has-post-thumbnail","hentry"],"acf":[],"yoast_head":"<!-- This site is optimized with the Yoast SEO plugin v26.6 - https:\/\/yoast.com\/wordpress\/plugins\/seo\/ -->\n<title>Marina Garc\u00e9s - IAEC 2026 Granollers<\/title>\n<meta name=\"robots\" content=\"index, follow, max-snippet:-1, max-image-preview:large, max-video-preview:-1\" \/>\n<link rel=\"canonical\" href=\"https:\/\/iaec2026granollers.com\/pt\/congres-aice\/ponents\/marina-garces\/\" \/>\n<meta property=\"og:locale\" content=\"pt_PT\" \/>\n<meta property=\"og:type\" content=\"article\" \/>\n<meta property=\"og:title\" content=\"Marina Garc\u00e9s - IAEC 2026 Granollers\" \/>\n<meta property=\"og:description\" content=\"Marina Garc\u00e9s \u00e9s fil\u00f2sofa, assagista i professora de Pensament filos\u00f2fic i cient\u00edfic contemporani a la Universitat Oberta de Catalunya, on tamb\u00e9 dirigeix el m\u00e0ster de Filosofia per als reptes contemporanis. Ha estat professora a la Universitat de Saragossa durant quinze anys i ha impartit doc\u00e8ncia a la Universitat Pompeu Fabra i la Universitat de Girona. [&hellip;]\" \/>\n<meta property=\"og:url\" content=\"https:\/\/iaec2026granollers.com\/pt\/congres-aice\/ponents\/marina-garces\/\" \/>\n<meta property=\"og:site_name\" content=\"IAEC 2026 Granollers\" \/>\n<meta property=\"og:image\" content=\"https:\/\/iaec2026granollers.com\/wp-content\/uploads\/2026\/01\/Marina_Garces.jpg\" \/>\n\t<meta property=\"og:image:width\" content=\"640\" \/>\n\t<meta property=\"og:image:height\" content=\"920\" \/>\n\t<meta property=\"og:image:type\" content=\"image\/jpeg\" \/>\n<meta name=\"twitter:card\" content=\"summary_large_image\" \/>\n<meta name=\"twitter:label1\" content=\"Tempo estimado de leitura\" \/>\n\t<meta name=\"twitter:data1\" content=\"2 minutos\" \/>\n<script type=\"application\/ld+json\" class=\"yoast-schema-graph\">{\"@context\":\"https:\/\/schema.org\",\"@graph\":[{\"@type\":\"WebPage\",\"@id\":\"https:\/\/iaec2026granollers.com\/congres-aice\/ponents\/marina-garces\/\",\"url\":\"https:\/\/iaec2026granollers.com\/congres-aice\/ponents\/marina-garces\/\",\"name\":\"Marina Garc\u00e9s - IAEC 2026 Granollers\",\"isPartOf\":{\"@id\":\"https:\/\/iaec2026granollers.com\/#website\"},\"primaryImageOfPage\":{\"@id\":\"https:\/\/iaec2026granollers.com\/congres-aice\/ponents\/marina-garces\/#primaryimage\"},\"image\":{\"@id\":\"https:\/\/iaec2026granollers.com\/congres-aice\/ponents\/marina-garces\/#primaryimage\"},\"thumbnailUrl\":\"https:\/\/iaec2026granollers.com\/wp-content\/uploads\/2026\/01\/Marina_Garces.jpg\",\"datePublished\":\"2026-02-02T16:02:45+00:00\",\"breadcrumb\":{\"@id\":\"https:\/\/iaec2026granollers.com\/congres-aice\/ponents\/marina-garces\/#breadcrumb\"},\"inLanguage\":\"pt-PT\",\"potentialAction\":[{\"@type\":\"ReadAction\",\"target\":[\"https:\/\/iaec2026granollers.com\/congres-aice\/ponents\/marina-garces\/\"]}]},{\"@type\":\"ImageObject\",\"inLanguage\":\"pt-PT\",\"@id\":\"https:\/\/iaec2026granollers.com\/congres-aice\/ponents\/marina-garces\/#primaryimage\",\"url\":\"https:\/\/iaec2026granollers.com\/wp-content\/uploads\/2026\/01\/Marina_Garces.jpg\",\"contentUrl\":\"https:\/\/iaec2026granollers.com\/wp-content\/uploads\/2026\/01\/Marina_Garces.jpg\",\"width\":640,\"height\":920,\"caption\":\"Marina_Garc\u00e9s\"},{\"@type\":\"BreadcrumbList\",\"@id\":\"https:\/\/iaec2026granollers.com\/congres-aice\/ponents\/marina-garces\/#breadcrumb\",\"itemListElement\":[{\"@type\":\"ListItem\",\"position\":1,\"name\":\"Inici\",\"item\":\"https:\/\/iaec2026granollers.com\/\"},{\"@type\":\"ListItem\",\"position\":2,\"name\":\"Congr\u00e9s AICE\",\"item\":\"https:\/\/iaec2026granollers.com\/congres-aice\/\"},{\"@type\":\"ListItem\",\"position\":3,\"name\":\"Ponents\",\"item\":\"https:\/\/iaec2026granollers.com\/congres-aice\/ponents\/\"},{\"@type\":\"ListItem\",\"position\":4,\"name\":\"Marina Garc\u00e9s\"}]},{\"@type\":\"WebSite\",\"@id\":\"https:\/\/iaec2026granollers.com\/#website\",\"url\":\"https:\/\/iaec2026granollers.com\/\",\"name\":\"IAEC 2026 Granollers\",\"description\":\"\",\"potentialAction\":[{\"@type\":\"SearchAction\",\"target\":{\"@type\":\"EntryPoint\",\"urlTemplate\":\"https:\/\/iaec2026granollers.com\/?s={search_term_string}\"},\"query-input\":{\"@type\":\"PropertyValueSpecification\",\"valueRequired\":true,\"valueName\":\"search_term_string\"}}],\"inLanguage\":\"pt-PT\"}]}<\/script>\n<!-- \/ Yoast SEO plugin. -->","yoast_head_json":{"title":"Marina Garc\u00e9s - IAEC 2026 Granollers","robots":{"index":"index","follow":"follow","max-snippet":"max-snippet:-1","max-image-preview":"max-image-preview:large","max-video-preview":"max-video-preview:-1"},"canonical":"https:\/\/iaec2026granollers.com\/pt\/congres-aice\/ponents\/marina-garces\/","og_locale":"pt_PT","og_type":"article","og_title":"Marina Garc\u00e9s - IAEC 2026 Granollers","og_description":"Marina Garc\u00e9s \u00e9s fil\u00f2sofa, assagista i professora de Pensament filos\u00f2fic i cient\u00edfic contemporani a la Universitat Oberta de Catalunya, on tamb\u00e9 dirigeix el m\u00e0ster de Filosofia per als reptes contemporanis. Ha estat professora a la Universitat de Saragossa durant quinze anys i ha impartit doc\u00e8ncia a la Universitat Pompeu Fabra i la Universitat de Girona. [&hellip;]","og_url":"https:\/\/iaec2026granollers.com\/pt\/congres-aice\/ponents\/marina-garces\/","og_site_name":"IAEC 2026 Granollers","og_image":[{"width":640,"height":920,"url":"https:\/\/iaec2026granollers.com\/wp-content\/uploads\/2026\/01\/Marina_Garces.jpg","type":"image\/jpeg"}],"twitter_card":"summary_large_image","twitter_misc":{"Tempo estimado de leitura":"2 minutos"},"schema":{"@context":"https:\/\/schema.org","@graph":[{"@type":"WebPage","@id":"https:\/\/iaec2026granollers.com\/congres-aice\/ponents\/marina-garces\/","url":"https:\/\/iaec2026granollers.com\/congres-aice\/ponents\/marina-garces\/","name":"Marina Garc\u00e9s - IAEC 2026 Granollers","isPartOf":{"@id":"https:\/\/iaec2026granollers.com\/#website"},"primaryImageOfPage":{"@id":"https:\/\/iaec2026granollers.com\/congres-aice\/ponents\/marina-garces\/#primaryimage"},"image":{"@id":"https:\/\/iaec2026granollers.com\/congres-aice\/ponents\/marina-garces\/#primaryimage"},"thumbnailUrl":"https:\/\/iaec2026granollers.com\/wp-content\/uploads\/2026\/01\/Marina_Garces.jpg","datePublished":"2026-02-02T16:02:45+00:00","breadcrumb":{"@id":"https:\/\/iaec2026granollers.com\/congres-aice\/ponents\/marina-garces\/#breadcrumb"},"inLanguage":"pt-PT","potentialAction":[{"@type":"ReadAction","target":["https:\/\/iaec2026granollers.com\/congres-aice\/ponents\/marina-garces\/"]}]},{"@type":"ImageObject","inLanguage":"pt-PT","@id":"https:\/\/iaec2026granollers.com\/congres-aice\/ponents\/marina-garces\/#primaryimage","url":"https:\/\/iaec2026granollers.com\/wp-content\/uploads\/2026\/01\/Marina_Garces.jpg","contentUrl":"https:\/\/iaec2026granollers.com\/wp-content\/uploads\/2026\/01\/Marina_Garces.jpg","width":640,"height":920,"caption":"Marina_Garc\u00e9s"},{"@type":"BreadcrumbList","@id":"https:\/\/iaec2026granollers.com\/congres-aice\/ponents\/marina-garces\/#breadcrumb","itemListElement":[{"@type":"ListItem","position":1,"name":"Inici","item":"https:\/\/iaec2026granollers.com\/"},{"@type":"ListItem","position":2,"name":"Congr\u00e9s AICE","item":"https:\/\/iaec2026granollers.com\/congres-aice\/"},{"@type":"ListItem","position":3,"name":"Ponents","item":"https:\/\/iaec2026granollers.com\/congres-aice\/ponents\/"},{"@type":"ListItem","position":4,"name":"Marina Garc\u00e9s"}]},{"@type":"WebSite","@id":"https:\/\/iaec2026granollers.com\/#website","url":"https:\/\/iaec2026granollers.com\/","name":"IAEC 2026 Granollers","description":"","potentialAction":[{"@type":"SearchAction","target":{"@type":"EntryPoint","urlTemplate":"https:\/\/iaec2026granollers.com\/?s={search_term_string}"},"query-input":{"@type":"PropertyValueSpecification","valueRequired":true,"valueName":"search_term_string"}}],"inLanguage":"pt-PT"}]}},"_links":{"self":[{"href":"https:\/\/iaec2026granollers.com\/pt\/wp-json\/wp\/v2\/pages\/3239","targetHints":{"allow":["GET"]}}],"collection":[{"href":"https:\/\/iaec2026granollers.com\/pt\/wp-json\/wp\/v2\/pages"}],"about":[{"href":"https:\/\/iaec2026granollers.com\/pt\/wp-json\/wp\/v2\/types\/page"}],"author":[{"embeddable":true,"href":"https:\/\/iaec2026granollers.com\/pt\/wp-json\/wp\/v2\/users\/7"}],"replies":[{"embeddable":true,"href":"https:\/\/iaec2026granollers.com\/pt\/wp-json\/wp\/v2\/comments?post=3239"}],"version-history":[{"count":1,"href":"https:\/\/iaec2026granollers.com\/pt\/wp-json\/wp\/v2\/pages\/3239\/revisions"}],"predecessor-version":[{"id":3241,"href":"https:\/\/iaec2026granollers.com\/pt\/wp-json\/wp\/v2\/pages\/3239\/revisions\/3241"}],"up":[{"embeddable":true,"href":"https:\/\/iaec2026granollers.com\/pt\/wp-json\/wp\/v2\/pages\/2311"}],"wp:featuredmedia":[{"embeddable":true,"href":"https:\/\/iaec2026granollers.com\/pt\/wp-json\/wp\/v2\/media\/3240"}],"wp:attachment":[{"href":"https:\/\/iaec2026granollers.com\/pt\/wp-json\/wp\/v2\/media?parent=3239"}],"curies":[{"name":"wp","href":"https:\/\/api.w.org\/{rel}","templated":true}]}}