{"id":3242,"date":"2026-02-02T17:03:02","date_gmt":"2026-02-02T16:03:02","guid":{"rendered":"https:\/\/iaec2026granollers.com\/?page_id=3242"},"modified":"2026-04-30T08:51:31","modified_gmt":"2026-04-30T07:51:31","slug":"marcia-tiburi","status":"publish","type":"page","link":"https:\/\/iaec2026granollers.com\/pt\/congres-aice\/ponents\/marcia-tiburi\/","title":{"rendered":"Marcia Tiburi"},"content":{"rendered":"<p align=\"left\">M\u00e1rcia Tiburi \u00e9 uma <strong>fil\u00f3sofo, escritor, artista visual e cr\u00edtico liter\u00e1rio<\/strong> Brasileira. Ela possui doutorado em Filosofia Contempor\u00e2nea pela Universidade Federal do Rio Grande do Sul e gradua\u00e7\u00e3o em Artes Pl\u00e1sticas. \u00c9 tamb\u00e9m professora do Programa de P\u00f3s-Gradua\u00e7\u00e3o em Educa\u00e7\u00e3o, Arte e Hist\u00f3ria da Cultura da Universidade Presbiteriana Mackenzie de S\u00e3o Paulo.<\/p>\n<p align=\"left\">Sua pesquisa se concentra em <strong>\u00c9tica, est\u00e9tica e filosofia do conhecimento<\/strong>. Ela publicou in\u00fameros livros de filosofia e romances, al\u00e9m de escrever para revistas e jornais especializados. Tiburi defende um feminismo que luta pelos direitos de todos, abrindo espa\u00e7os para outras express\u00f5es de g\u00eanero e sexualidade e promovendo uma ideia inclusiva de humanidade.<\/p>\n<p align=\"left\">Durante quatro anos, ela fez parte do Partido Socialismo e Liberdade e, em 2018, filiou-se ao Partido dos Trabalhadores, com o apoio de Lula. Em dezembro de 2018, exilou-se em Paris devido a\u2019<strong>amea\u00e7as de morte<\/strong> e persegui\u00e7\u00e3o motivada pelo Movimento Brasil Livre.<\/p>\n<h4 align=\"left\"><span lang=\"ca-ES\">Obras em destaque<\/span><\/h4>\n<p align=\"left\"><strong>Como falar como um fascista: reflex\u00f5es sobre o cotidiano do autoritarismo brasileiro.<\/strong> Analisa como o pensamento autorit\u00e1rio e o fascismo se manifestam no cotidiano e como dialogar com essas formas de pensamento, utilizando ferramentas filos\u00f3ficas e cr\u00edticas. Esta obra foi traduzida e publicada em ingl\u00eas, ampliando seu impacto internacional.<\/p>\n<p align=\"left\"><strong>Filosofia pr\u00e1tica: \u00e9tica, vida cotidiana, vida virtual.<\/strong>. Um de seus livros filos\u00f3ficos mais citados, onde Tiburi aplica o pensamento filos\u00f3fico a quest\u00f5es \u00e9ticas contempor\u00e2neas, como a vida digital, os relacionamentos humanos e as decis\u00f5es do dia a dia.<\/p>\n<p align=\"left\"><strong>Del\u00edrio do poder: psicopoder e loucura coletiva na era da desinforma\u00e7\u00e3o.<\/strong> Analisa como a desinforma\u00e7\u00e3o, o discurso de \u00f3dio e as din\u00e2micas autorit\u00e1rias geram uma forma de poder psicol\u00f3gico que alimenta a manipula\u00e7\u00e3o emocional e a loucura coletiva.<\/p>","protected":false},"excerpt":{"rendered":"<p>M\u00e1rcia Tiburi \u00e9s una fil\u00f2sofa, escriptora, artista pl\u00e0stica i cr\u00edtica liter\u00e0ria brasilera. \u00c9s doctora en Filosofia Contempor\u00e0nia per la Universitat Federal de Rio Grande do Sul i llicenciada en Arts Pl\u00e0stiques. Tamb\u00e9 \u00e9s professora del Programa de Postgrau en Educaci\u00f3, Art i Hist\u00f2ria de la Cultura de la Universitat Presbiteriana Mackenzie de Sao Paulo. La [&hellip;]<\/p>","protected":false},"author":7,"featured_media":3598,"parent":2311,"menu_order":34,"comment_status":"closed","ping_status":"closed","template":"page-ponents.php","meta":{"_acf_changed":false,"footnotes":""},"class_list":["post-3242","page","type-page","status-publish","has-post-thumbnail","hentry"],"acf":[],"yoast_head":"<!-- This site is optimized with the Yoast SEO plugin v26.6 - https:\/\/yoast.com\/wordpress\/plugins\/seo\/ -->\n<title>M\u00e1rcia Tiburi - IAEC 2026 Granollers<\/title>\n<meta name=\"robots\" content=\"index, follow, max-snippet:-1, max-image-preview:large, max-video-preview:-1\" \/>\n<link rel=\"canonical\" href=\"https:\/\/iaec2026granollers.com\/pt\/congres-aice\/ponents\/marcia-tiburi\/\" \/>\n<meta property=\"og:locale\" content=\"pt_PT\" \/>\n<meta property=\"og:type\" content=\"article\" \/>\n<meta property=\"og:title\" content=\"M\u00e1rcia Tiburi - IAEC 2026 Granollers\" \/>\n<meta property=\"og:description\" content=\"M\u00e1rcia Tiburi \u00e9s una fil\u00f2sofa, escriptora, artista pl\u00e0stica i cr\u00edtica liter\u00e0ria brasilera. \u00c9s doctora en Filosofia Contempor\u00e0nia per la Universitat Federal de Rio Grande do Sul i llicenciada en Arts Pl\u00e0stiques. Tamb\u00e9 \u00e9s professora del Programa de Postgrau en Educaci\u00f3, Art i Hist\u00f2ria de la Cultura de la Universitat Presbiteriana Mackenzie de Sao Paulo. La [&hellip;]\" \/>\n<meta property=\"og:url\" content=\"https:\/\/iaec2026granollers.com\/pt\/congres-aice\/ponents\/marcia-tiburi\/\" \/>\n<meta property=\"og:site_name\" content=\"IAEC 2026 Granollers\" \/>\n<meta property=\"article:modified_time\" content=\"2026-04-30T07:51:31+00:00\" \/>\n<meta property=\"og:image\" content=\"https:\/\/iaec2026granollers.com\/wp-content\/uploads\/2026\/04\/Marcia-Tiburi.jpeg\" \/>\n\t<meta property=\"og:image:width\" content=\"1179\" \/>\n\t<meta property=\"og:image:height\" content=\"1225\" \/>\n\t<meta property=\"og:image:type\" content=\"image\/jpeg\" \/>\n<meta name=\"twitter:card\" content=\"summary_large_image\" \/>\n<meta name=\"twitter:label1\" content=\"Tempo estimado de leitura\" \/>\n\t<meta name=\"twitter:data1\" content=\"2 minutos\" \/>\n<script type=\"application\/ld+json\" class=\"yoast-schema-graph\">{\"@context\":\"https:\/\/schema.org\",\"@graph\":[{\"@type\":\"WebPage\",\"@id\":\"https:\/\/iaec2026granollers.com\/congres-aice\/ponents\/marcia-tiburi\/\",\"url\":\"https:\/\/iaec2026granollers.com\/congres-aice\/ponents\/marcia-tiburi\/\",\"name\":\"M\u00e1rcia Tiburi - IAEC 2026 Granollers\",\"isPartOf\":{\"@id\":\"https:\/\/iaec2026granollers.com\/#website\"},\"primaryImageOfPage\":{\"@id\":\"https:\/\/iaec2026granollers.com\/congres-aice\/ponents\/marcia-tiburi\/#primaryimage\"},\"image\":{\"@id\":\"https:\/\/iaec2026granollers.com\/congres-aice\/ponents\/marcia-tiburi\/#primaryimage\"},\"thumbnailUrl\":\"https:\/\/iaec2026granollers.com\/wp-content\/uploads\/2026\/04\/Marcia-Tiburi.jpeg\",\"datePublished\":\"2026-02-02T16:03:02+00:00\",\"dateModified\":\"2026-04-30T07:51:31+00:00\",\"breadcrumb\":{\"@id\":\"https:\/\/iaec2026granollers.com\/congres-aice\/ponents\/marcia-tiburi\/#breadcrumb\"},\"inLanguage\":\"pt-PT\",\"potentialAction\":[{\"@type\":\"ReadAction\",\"target\":[\"https:\/\/iaec2026granollers.com\/congres-aice\/ponents\/marcia-tiburi\/\"]}]},{\"@type\":\"ImageObject\",\"inLanguage\":\"pt-PT\",\"@id\":\"https:\/\/iaec2026granollers.com\/congres-aice\/ponents\/marcia-tiburi\/#primaryimage\",\"url\":\"https:\/\/iaec2026granollers.com\/wp-content\/uploads\/2026\/04\/Marcia-Tiburi.jpeg\",\"contentUrl\":\"https:\/\/iaec2026granollers.com\/wp-content\/uploads\/2026\/04\/Marcia-Tiburi.jpeg\",\"width\":1179,\"height\":1225},{\"@type\":\"BreadcrumbList\",\"@id\":\"https:\/\/iaec2026granollers.com\/congres-aice\/ponents\/marcia-tiburi\/#breadcrumb\",\"itemListElement\":[{\"@type\":\"ListItem\",\"position\":1,\"name\":\"Inici\",\"item\":\"https:\/\/iaec2026granollers.com\/\"},{\"@type\":\"ListItem\",\"position\":2,\"name\":\"Congr\u00e9s AICE\",\"item\":\"https:\/\/iaec2026granollers.com\/congres-aice\/\"},{\"@type\":\"ListItem\",\"position\":3,\"name\":\"Ponents\",\"item\":\"https:\/\/iaec2026granollers.com\/congres-aice\/ponents\/\"},{\"@type\":\"ListItem\",\"position\":4,\"name\":\"M\u00e1rcia Tiburi\"}]},{\"@type\":\"WebSite\",\"@id\":\"https:\/\/iaec2026granollers.com\/#website\",\"url\":\"https:\/\/iaec2026granollers.com\/\",\"name\":\"IAEC 2026 Granollers\",\"description\":\"\",\"potentialAction\":[{\"@type\":\"SearchAction\",\"target\":{\"@type\":\"EntryPoint\",\"urlTemplate\":\"https:\/\/iaec2026granollers.com\/?s={search_term_string}\"},\"query-input\":{\"@type\":\"PropertyValueSpecification\",\"valueRequired\":true,\"valueName\":\"search_term_string\"}}],\"inLanguage\":\"pt-PT\"}]}<\/script>\n<!-- \/ Yoast SEO plugin. -->","yoast_head_json":{"title":"M\u00e1rcia Tiburi - IAEC 2026 Granollers","robots":{"index":"index","follow":"follow","max-snippet":"max-snippet:-1","max-image-preview":"max-image-preview:large","max-video-preview":"max-video-preview:-1"},"canonical":"https:\/\/iaec2026granollers.com\/pt\/congres-aice\/ponents\/marcia-tiburi\/","og_locale":"pt_PT","og_type":"article","og_title":"M\u00e1rcia Tiburi - IAEC 2026 Granollers","og_description":"M\u00e1rcia Tiburi \u00e9s una fil\u00f2sofa, escriptora, artista pl\u00e0stica i cr\u00edtica liter\u00e0ria brasilera. \u00c9s doctora en Filosofia Contempor\u00e0nia per la Universitat Federal de Rio Grande do Sul i llicenciada en Arts Pl\u00e0stiques. Tamb\u00e9 \u00e9s professora del Programa de Postgrau en Educaci\u00f3, Art i Hist\u00f2ria de la Cultura de la Universitat Presbiteriana Mackenzie de Sao Paulo. La [&hellip;]","og_url":"https:\/\/iaec2026granollers.com\/pt\/congres-aice\/ponents\/marcia-tiburi\/","og_site_name":"IAEC 2026 Granollers","article_modified_time":"2026-04-30T07:51:31+00:00","og_image":[{"width":1179,"height":1225,"url":"https:\/\/iaec2026granollers.com\/wp-content\/uploads\/2026\/04\/Marcia-Tiburi.jpeg","type":"image\/jpeg"}],"twitter_card":"summary_large_image","twitter_misc":{"Tempo estimado de leitura":"2 minutos"},"schema":{"@context":"https:\/\/schema.org","@graph":[{"@type":"WebPage","@id":"https:\/\/iaec2026granollers.com\/congres-aice\/ponents\/marcia-tiburi\/","url":"https:\/\/iaec2026granollers.com\/congres-aice\/ponents\/marcia-tiburi\/","name":"M\u00e1rcia Tiburi - IAEC 2026 Granollers","isPartOf":{"@id":"https:\/\/iaec2026granollers.com\/#website"},"primaryImageOfPage":{"@id":"https:\/\/iaec2026granollers.com\/congres-aice\/ponents\/marcia-tiburi\/#primaryimage"},"image":{"@id":"https:\/\/iaec2026granollers.com\/congres-aice\/ponents\/marcia-tiburi\/#primaryimage"},"thumbnailUrl":"https:\/\/iaec2026granollers.com\/wp-content\/uploads\/2026\/04\/Marcia-Tiburi.jpeg","datePublished":"2026-02-02T16:03:02+00:00","dateModified":"2026-04-30T07:51:31+00:00","breadcrumb":{"@id":"https:\/\/iaec2026granollers.com\/congres-aice\/ponents\/marcia-tiburi\/#breadcrumb"},"inLanguage":"pt-PT","potentialAction":[{"@type":"ReadAction","target":["https:\/\/iaec2026granollers.com\/congres-aice\/ponents\/marcia-tiburi\/"]}]},{"@type":"ImageObject","inLanguage":"pt-PT","@id":"https:\/\/iaec2026granollers.com\/congres-aice\/ponents\/marcia-tiburi\/#primaryimage","url":"https:\/\/iaec2026granollers.com\/wp-content\/uploads\/2026\/04\/Marcia-Tiburi.jpeg","contentUrl":"https:\/\/iaec2026granollers.com\/wp-content\/uploads\/2026\/04\/Marcia-Tiburi.jpeg","width":1179,"height":1225},{"@type":"BreadcrumbList","@id":"https:\/\/iaec2026granollers.com\/congres-aice\/ponents\/marcia-tiburi\/#breadcrumb","itemListElement":[{"@type":"ListItem","position":1,"name":"Inici","item":"https:\/\/iaec2026granollers.com\/"},{"@type":"ListItem","position":2,"name":"Congr\u00e9s AICE","item":"https:\/\/iaec2026granollers.com\/congres-aice\/"},{"@type":"ListItem","position":3,"name":"Ponents","item":"https:\/\/iaec2026granollers.com\/congres-aice\/ponents\/"},{"@type":"ListItem","position":4,"name":"M\u00e1rcia Tiburi"}]},{"@type":"WebSite","@id":"https:\/\/iaec2026granollers.com\/#website","url":"https:\/\/iaec2026granollers.com\/","name":"IAEC 2026 Granollers","description":"","potentialAction":[{"@type":"SearchAction","target":{"@type":"EntryPoint","urlTemplate":"https:\/\/iaec2026granollers.com\/?s={search_term_string}"},"query-input":{"@type":"PropertyValueSpecification","valueRequired":true,"valueName":"search_term_string"}}],"inLanguage":"pt-PT"}]}},"_links":{"self":[{"href":"https:\/\/iaec2026granollers.com\/pt\/wp-json\/wp\/v2\/pages\/3242","targetHints":{"allow":["GET"]}}],"collection":[{"href":"https:\/\/iaec2026granollers.com\/pt\/wp-json\/wp\/v2\/pages"}],"about":[{"href":"https:\/\/iaec2026granollers.com\/pt\/wp-json\/wp\/v2\/types\/page"}],"author":[{"embeddable":true,"href":"https:\/\/iaec2026granollers.com\/pt\/wp-json\/wp\/v2\/users\/7"}],"replies":[{"embeddable":true,"href":"https:\/\/iaec2026granollers.com\/pt\/wp-json\/wp\/v2\/comments?post=3242"}],"version-history":[{"count":1,"href":"https:\/\/iaec2026granollers.com\/pt\/wp-json\/wp\/v2\/pages\/3242\/revisions"}],"predecessor-version":[{"id":3244,"href":"https:\/\/iaec2026granollers.com\/pt\/wp-json\/wp\/v2\/pages\/3242\/revisions\/3244"}],"up":[{"embeddable":true,"href":"https:\/\/iaec2026granollers.com\/pt\/wp-json\/wp\/v2\/pages\/2311"}],"wp:featuredmedia":[{"embeddable":true,"href":"https:\/\/iaec2026granollers.com\/pt\/wp-json\/wp\/v2\/media\/3598"}],"wp:attachment":[{"href":"https:\/\/iaec2026granollers.com\/pt\/wp-json\/wp\/v2\/media?parent=3242"}],"curies":[{"name":"wp","href":"https:\/\/api.w.org\/{rel}","templated":true}]}}