{"id":3248,"date":"2026-02-02T09:34:24","date_gmt":"2026-02-02T08:34:24","guid":{"rendered":"https:\/\/iaec2026granollers.com\/?page_id=3248"},"modified":"2026-02-02T09:34:24","modified_gmt":"2026-02-02T08:34:24","slug":"joan-fontcuberta","status":"publish","type":"page","link":"https:\/\/iaec2026granollers.com\/pt\/congres-aice\/ponents\/joan-fontcuberta\/","title":{"rendered":"Joan Fontcuberta"},"content":{"rendered":"<p align=\"left\">Joan Fontcuberta \u00e9 formada em Ci\u00eancias da Informa\u00e7\u00e3o e <strong>um dos fot\u00f3grafos catal\u00e3es com maior proje\u00e7\u00e3o internacional<\/strong>. Ele tamb\u00e9m trabalha como te\u00f3rico da imagem fotogr\u00e1fica e como editor de fotografia, e tem promovido a fotografia contempor\u00e2nea por meio de in\u00fameros eventos, confer\u00eancias e exposi\u00e7\u00f5es.<\/p>\n<p align=\"left\">Sua produ\u00e7\u00e3o art\u00edstica multifacetada gira em torno de <strong>a plausibilidade da imagem e sua capacidade de representar e suplantar o mundo real<\/strong>. De fato, tanto seu trabalho te\u00f3rico quanto sua fotografia questionam a verdade que se pressup\u00f5e na imagem. Ele se interessa pela fun\u00e7\u00e3o social da fotografia, seu uso p\u00fablico e a embriaguez da informa\u00e7\u00e3o.<\/p>\n<p align=\"left\">Desde o final da d\u00e9cada de 80, Fontcuberta exp\u00f5e regularmente nos mais prestigiados centros de arte do mundo, e entre os muitos pr\u00eamios recebidos, destaca-se o prestigioso Pr\u00eamio de Melhor Artista. <strong>Pr\u00eamio Internacional de Fotografia Hasselblad em 2013<\/strong>. Em 2020, a Universidade de Paris VIII concedeu-lhe o t\u00edtulo de Doutor Honoris Causa.<\/p>\n<p align=\"left\">Seu trabalho pode ser encontrado em <strong>cole\u00e7\u00f5es em destaque<\/strong> como o MoMA em Nova Iorque, o Metropolitan Museum of Art em Nova Iorque, o Art Institute em Chicago, o Museo Nacional Centro de Arte Reina Sof\u00eda em Madrid, o Center Pompidou em Paris e o MACBA em Barcelona, entre outros.<\/p>\n<h4 align=\"left\"><span lang=\"ca-ES\">Obras em destaque<\/span><\/h4>\n<p><strong>O beijo de Judas. Fotografia e verdade.<\/strong>.Um de seus livros fundamentais; nele, ele reflete sobre a fotografia como uma constru\u00e7\u00e3o ideol\u00f3gica e n\u00e3o como evid\u00eancia objetiva.<\/p>\n<p><strong>A f\u00faria das imagens. Notas sobre a p\u00f3s-fotografia.<\/strong>\u00a0Texto fundamental sobre p\u00f3s-fotografia, satura\u00e7\u00e3o visual e imagens na era das redes sociais.<\/p>\n<p><strong>O livro das maravilhas.<\/strong>\u00a0Reflex\u00e3o sobre conhecimento, curiosidade e recursos visuais ao longo da hist\u00f3ria.<\/p>","protected":false},"excerpt":{"rendered":"<p>Joan Fontcuberta \u00e9s llicenciat en Ci\u00e8ncies de la Informaci\u00f3 i un dels fot\u00f2grafs catalans amb m\u00e9s projecci\u00f3 internacional. Exerceix tamb\u00e9 com a te\u00f2ric de la imatge fotogr\u00e0fica i com a editor fotogr\u00e0fic, i ha impulsat la fotografia contempor\u00e0nia a trav\u00e9s de nombrosos esdeveniments, jornades i exposicions. La seva producci\u00f3 art\u00edstica, multifac\u00e8tica, gira entorn de la [&hellip;]<\/p>","protected":false},"author":7,"featured_media":3273,"parent":2311,"menu_order":39,"comment_status":"closed","ping_status":"closed","template":"page-ponents.php","meta":{"_acf_changed":false,"footnotes":""},"class_list":["post-3248","page","type-page","status-publish","has-post-thumbnail","hentry"],"acf":[],"yoast_head":"<!-- This site is optimized with the Yoast SEO plugin v26.6 - https:\/\/yoast.com\/wordpress\/plugins\/seo\/ -->\n<title>Joan Fontcuberta - IAEC 2026 Granollers<\/title>\n<meta name=\"robots\" content=\"index, follow, max-snippet:-1, max-image-preview:large, max-video-preview:-1\" \/>\n<link rel=\"canonical\" href=\"https:\/\/iaec2026granollers.com\/pt\/congres-aice\/ponents\/joan-fontcuberta\/\" \/>\n<meta property=\"og:locale\" content=\"pt_PT\" \/>\n<meta property=\"og:type\" content=\"article\" \/>\n<meta property=\"og:title\" content=\"Joan Fontcuberta - IAEC 2026 Granollers\" \/>\n<meta property=\"og:description\" content=\"Joan Fontcuberta \u00e9s llicenciat en Ci\u00e8ncies de la Informaci\u00f3 i un dels fot\u00f2grafs catalans amb m\u00e9s projecci\u00f3 internacional. Exerceix tamb\u00e9 com a te\u00f2ric de la imatge fotogr\u00e0fica i com a editor fotogr\u00e0fic, i ha impulsat la fotografia contempor\u00e0nia a trav\u00e9s de nombrosos esdeveniments, jornades i exposicions. La seva producci\u00f3 art\u00edstica, multifac\u00e8tica, gira entorn de la [&hellip;]\" \/>\n<meta property=\"og:url\" content=\"https:\/\/iaec2026granollers.com\/pt\/congres-aice\/ponents\/joan-fontcuberta\/\" \/>\n<meta property=\"og:site_name\" content=\"IAEC 2026 Granollers\" \/>\n<meta property=\"og:image\" content=\"https:\/\/iaec2026granollers.com\/wp-content\/uploads\/2026\/02\/joan-fontcuberta-scaled.jpg\" \/>\n\t<meta property=\"og:image:width\" content=\"2560\" \/>\n\t<meta property=\"og:image:height\" content=\"1684\" \/>\n\t<meta property=\"og:image:type\" content=\"image\/jpeg\" \/>\n<meta name=\"twitter:card\" content=\"summary_large_image\" \/>\n<meta name=\"twitter:label1\" content=\"Tempo estimado de leitura\" \/>\n\t<meta name=\"twitter:data1\" content=\"2 minutos\" \/>\n<script type=\"application\/ld+json\" class=\"yoast-schema-graph\">{\"@context\":\"https:\/\/schema.org\",\"@graph\":[{\"@type\":\"WebPage\",\"@id\":\"https:\/\/iaec2026granollers.com\/congres-aice\/ponents\/joan-fontcuberta\/\",\"url\":\"https:\/\/iaec2026granollers.com\/congres-aice\/ponents\/joan-fontcuberta\/\",\"name\":\"Joan Fontcuberta - IAEC 2026 Granollers\",\"isPartOf\":{\"@id\":\"https:\/\/iaec2026granollers.com\/#website\"},\"primaryImageOfPage\":{\"@id\":\"https:\/\/iaec2026granollers.com\/congres-aice\/ponents\/joan-fontcuberta\/#primaryimage\"},\"image\":{\"@id\":\"https:\/\/iaec2026granollers.com\/congres-aice\/ponents\/joan-fontcuberta\/#primaryimage\"},\"thumbnailUrl\":\"https:\/\/iaec2026granollers.com\/wp-content\/uploads\/2026\/02\/joan-fontcuberta-scaled.jpg\",\"datePublished\":\"2026-02-02T08:34:24+00:00\",\"breadcrumb\":{\"@id\":\"https:\/\/iaec2026granollers.com\/congres-aice\/ponents\/joan-fontcuberta\/#breadcrumb\"},\"inLanguage\":\"pt-PT\",\"potentialAction\":[{\"@type\":\"ReadAction\",\"target\":[\"https:\/\/iaec2026granollers.com\/congres-aice\/ponents\/joan-fontcuberta\/\"]}]},{\"@type\":\"ImageObject\",\"inLanguage\":\"pt-PT\",\"@id\":\"https:\/\/iaec2026granollers.com\/congres-aice\/ponents\/joan-fontcuberta\/#primaryimage\",\"url\":\"https:\/\/iaec2026granollers.com\/wp-content\/uploads\/2026\/02\/joan-fontcuberta-scaled.jpg\",\"contentUrl\":\"https:\/\/iaec2026granollers.com\/wp-content\/uploads\/2026\/02\/joan-fontcuberta-scaled.jpg\",\"width\":2560,\"height\":1684,\"caption\":\"joan fontcuberta\"},{\"@type\":\"BreadcrumbList\",\"@id\":\"https:\/\/iaec2026granollers.com\/congres-aice\/ponents\/joan-fontcuberta\/#breadcrumb\",\"itemListElement\":[{\"@type\":\"ListItem\",\"position\":1,\"name\":\"Inici\",\"item\":\"https:\/\/iaec2026granollers.com\/\"},{\"@type\":\"ListItem\",\"position\":2,\"name\":\"Congr\u00e9s AICE\",\"item\":\"https:\/\/iaec2026granollers.com\/congres-aice\/\"},{\"@type\":\"ListItem\",\"position\":3,\"name\":\"Ponents\",\"item\":\"https:\/\/iaec2026granollers.com\/congres-aice\/ponents\/\"},{\"@type\":\"ListItem\",\"position\":4,\"name\":\"Joan Fontcuberta\"}]},{\"@type\":\"WebSite\",\"@id\":\"https:\/\/iaec2026granollers.com\/#website\",\"url\":\"https:\/\/iaec2026granollers.com\/\",\"name\":\"IAEC 2026 Granollers\",\"description\":\"\",\"potentialAction\":[{\"@type\":\"SearchAction\",\"target\":{\"@type\":\"EntryPoint\",\"urlTemplate\":\"https:\/\/iaec2026granollers.com\/?s={search_term_string}\"},\"query-input\":{\"@type\":\"PropertyValueSpecification\",\"valueRequired\":true,\"valueName\":\"search_term_string\"}}],\"inLanguage\":\"pt-PT\"}]}<\/script>\n<!-- \/ Yoast SEO plugin. -->","yoast_head_json":{"title":"Joan Fontcuberta - IAEC 2026 Granollers","robots":{"index":"index","follow":"follow","max-snippet":"max-snippet:-1","max-image-preview":"max-image-preview:large","max-video-preview":"max-video-preview:-1"},"canonical":"https:\/\/iaec2026granollers.com\/pt\/congres-aice\/ponents\/joan-fontcuberta\/","og_locale":"pt_PT","og_type":"article","og_title":"Joan Fontcuberta - IAEC 2026 Granollers","og_description":"Joan Fontcuberta \u00e9s llicenciat en Ci\u00e8ncies de la Informaci\u00f3 i un dels fot\u00f2grafs catalans amb m\u00e9s projecci\u00f3 internacional. Exerceix tamb\u00e9 com a te\u00f2ric de la imatge fotogr\u00e0fica i com a editor fotogr\u00e0fic, i ha impulsat la fotografia contempor\u00e0nia a trav\u00e9s de nombrosos esdeveniments, jornades i exposicions. La seva producci\u00f3 art\u00edstica, multifac\u00e8tica, gira entorn de la [&hellip;]","og_url":"https:\/\/iaec2026granollers.com\/pt\/congres-aice\/ponents\/joan-fontcuberta\/","og_site_name":"IAEC 2026 Granollers","og_image":[{"width":2560,"height":1684,"url":"https:\/\/iaec2026granollers.com\/wp-content\/uploads\/2026\/02\/joan-fontcuberta-scaled.jpg","type":"image\/jpeg"}],"twitter_card":"summary_large_image","twitter_misc":{"Tempo estimado de leitura":"2 minutos"},"schema":{"@context":"https:\/\/schema.org","@graph":[{"@type":"WebPage","@id":"https:\/\/iaec2026granollers.com\/congres-aice\/ponents\/joan-fontcuberta\/","url":"https:\/\/iaec2026granollers.com\/congres-aice\/ponents\/joan-fontcuberta\/","name":"Joan Fontcuberta - IAEC 2026 Granollers","isPartOf":{"@id":"https:\/\/iaec2026granollers.com\/#website"},"primaryImageOfPage":{"@id":"https:\/\/iaec2026granollers.com\/congres-aice\/ponents\/joan-fontcuberta\/#primaryimage"},"image":{"@id":"https:\/\/iaec2026granollers.com\/congres-aice\/ponents\/joan-fontcuberta\/#primaryimage"},"thumbnailUrl":"https:\/\/iaec2026granollers.com\/wp-content\/uploads\/2026\/02\/joan-fontcuberta-scaled.jpg","datePublished":"2026-02-02T08:34:24+00:00","breadcrumb":{"@id":"https:\/\/iaec2026granollers.com\/congres-aice\/ponents\/joan-fontcuberta\/#breadcrumb"},"inLanguage":"pt-PT","potentialAction":[{"@type":"ReadAction","target":["https:\/\/iaec2026granollers.com\/congres-aice\/ponents\/joan-fontcuberta\/"]}]},{"@type":"ImageObject","inLanguage":"pt-PT","@id":"https:\/\/iaec2026granollers.com\/congres-aice\/ponents\/joan-fontcuberta\/#primaryimage","url":"https:\/\/iaec2026granollers.com\/wp-content\/uploads\/2026\/02\/joan-fontcuberta-scaled.jpg","contentUrl":"https:\/\/iaec2026granollers.com\/wp-content\/uploads\/2026\/02\/joan-fontcuberta-scaled.jpg","width":2560,"height":1684,"caption":"joan fontcuberta"},{"@type":"BreadcrumbList","@id":"https:\/\/iaec2026granollers.com\/congres-aice\/ponents\/joan-fontcuberta\/#breadcrumb","itemListElement":[{"@type":"ListItem","position":1,"name":"Inici","item":"https:\/\/iaec2026granollers.com\/"},{"@type":"ListItem","position":2,"name":"Congr\u00e9s AICE","item":"https:\/\/iaec2026granollers.com\/congres-aice\/"},{"@type":"ListItem","position":3,"name":"Ponents","item":"https:\/\/iaec2026granollers.com\/congres-aice\/ponents\/"},{"@type":"ListItem","position":4,"name":"Joan Fontcuberta"}]},{"@type":"WebSite","@id":"https:\/\/iaec2026granollers.com\/#website","url":"https:\/\/iaec2026granollers.com\/","name":"IAEC 2026 Granollers","description":"","potentialAction":[{"@type":"SearchAction","target":{"@type":"EntryPoint","urlTemplate":"https:\/\/iaec2026granollers.com\/?s={search_term_string}"},"query-input":{"@type":"PropertyValueSpecification","valueRequired":true,"valueName":"search_term_string"}}],"inLanguage":"pt-PT"}]}},"_links":{"self":[{"href":"https:\/\/iaec2026granollers.com\/pt\/wp-json\/wp\/v2\/pages\/3248","targetHints":{"allow":["GET"]}}],"collection":[{"href":"https:\/\/iaec2026granollers.com\/pt\/wp-json\/wp\/v2\/pages"}],"about":[{"href":"https:\/\/iaec2026granollers.com\/pt\/wp-json\/wp\/v2\/types\/page"}],"author":[{"embeddable":true,"href":"https:\/\/iaec2026granollers.com\/pt\/wp-json\/wp\/v2\/users\/7"}],"replies":[{"embeddable":true,"href":"https:\/\/iaec2026granollers.com\/pt\/wp-json\/wp\/v2\/comments?post=3248"}],"version-history":[{"count":4,"href":"https:\/\/iaec2026granollers.com\/pt\/wp-json\/wp\/v2\/pages\/3248\/revisions"}],"predecessor-version":[{"id":3274,"href":"https:\/\/iaec2026granollers.com\/pt\/wp-json\/wp\/v2\/pages\/3248\/revisions\/3274"}],"up":[{"embeddable":true,"href":"https:\/\/iaec2026granollers.com\/pt\/wp-json\/wp\/v2\/pages\/2311"}],"wp:featuredmedia":[{"embeddable":true,"href":"https:\/\/iaec2026granollers.com\/pt\/wp-json\/wp\/v2\/media\/3273"}],"wp:attachment":[{"href":"https:\/\/iaec2026granollers.com\/pt\/wp-json\/wp\/v2\/media?parent=3248"}],"curies":[{"name":"wp","href":"https:\/\/api.w.org\/{rel}","templated":true}]}}