{"id":3252,"date":"2026-02-02T17:03:21","date_gmt":"2026-02-02T16:03:21","guid":{"rendered":"https:\/\/iaec2026granollers.com\/?page_id=3252"},"modified":"2026-02-06T10:20:20","modified_gmt":"2026-02-06T09:20:20","slug":"rosalia-diogo","status":"publish","type":"page","link":"https:\/\/iaec2026granollers.com\/pt\/congres-aice\/ponents\/rosalia-diogo\/","title":{"rendered":"Rosalia Diogo"},"content":{"rendered":"<p>Rosalia Diogo \u00e9 <strong>Professora, jornalista, psic\u00f3loga social, curadora de arte e ativista cultural.<\/strong>, Com uma carreira profissional ligada \u00e0 comunica\u00e7\u00e3o, cultura e estudos sociais, ela atua como curadora no Instituto Cultural Casar\u00e3o das Artes Negras, no Brasil, e como diretora da Revista Canjer\u00ea, onde promove a reflex\u00e3o e a visibilidade das culturas negras.<\/p>\n<p>Sua atividade profissional combina a pr\u00e1tica jornal\u00edstica com a gest\u00e3o cultural e o ensino universit\u00e1rio. Sua pesquisa tem se concentrado em \u00e1reas como:<strong> literatura, cultura, feminismo e estudos sociais<\/strong>, com especial aten\u00e7\u00e3o \u00e0s produ\u00e7\u00f5es culturais afro-brasileiras e africanas em l\u00edngua portuguesa.<\/p>\n<p>Diogo \u00e9 formado em jornalismo, possui mestrado em Psicologia Social pela Universidade Federal de Minas Gerais, doutorado em Letras pela Pontif\u00edcia Universidade Cat\u00f3lica de Minas Gerais e concluiu p\u00f3s-doutorado em Antropologia pela Universidade de Barcelona. Recentemente, atuou como <strong>professor visitante na Universidade Eduardo Mondlane, em Mo\u00e7ambique<\/strong>.<\/p>\n<h4>Obras em destaque<\/h4>\n<p><strong>M\u00eddia e racismo: ensaios.<\/strong> Uma colet\u00e2nea de ensaios que explora como a m\u00eddia representa e constr\u00f3i narrativas sobre ra\u00e7a e identidade no Brasil.<\/p>\n<p><strong>O que \u00e9 feminismo?<\/strong> (Coautora) Uma obra que apresenta conceitos fundamentais do feminismo e a forma como as rela\u00e7\u00f5es de g\u00eanero s\u00e3o articuladas.<\/p>\n<p><strong>O que \u00e9 racismo?<\/strong> (Coautor) Um texto informativo que aborda conceitos de racismo estrutural e ideol\u00f3gico.<\/p>","protected":false},"excerpt":{"rendered":"<p>Ros\u00e1lia Diogo \u00e9s professora, periodista, psic\u00f2loga social, curadora d\u2019arts i activista cultural, amb una traject\u00f2ria professional vinculada a la comunicaci\u00f3, la cultura i els estudis socials. Exerceix com a curadora a l\u2019Institut Cultural Casar\u00e3o das Artes Negras de Brasil i com a directora de la Revista Canjer\u00ea, des d\u2019on impulsa la reflexi\u00f3 i la visibilitzaci\u00f3 [&hellip;]<\/p>","protected":false},"author":7,"featured_media":3339,"parent":2311,"menu_order":36,"comment_status":"closed","ping_status":"closed","template":"page-ponents.php","meta":{"_acf_changed":false,"footnotes":""},"class_list":["post-3252","page","type-page","status-publish","has-post-thumbnail","hentry"],"acf":[],"yoast_head":"<!-- This site is optimized with the Yoast SEO plugin v26.6 - https:\/\/yoast.com\/wordpress\/plugins\/seo\/ -->\n<title>Ros\u00e1lia Diogo - IAEC 2026 Granollers<\/title>\n<meta name=\"robots\" content=\"index, follow, max-snippet:-1, max-image-preview:large, max-video-preview:-1\" \/>\n<link rel=\"canonical\" href=\"https:\/\/iaec2026granollers.com\/pt\/congres-aice\/ponents\/rosalia-diogo\/\" \/>\n<meta property=\"og:locale\" content=\"pt_PT\" \/>\n<meta property=\"og:type\" content=\"article\" \/>\n<meta property=\"og:title\" content=\"Ros\u00e1lia Diogo - IAEC 2026 Granollers\" \/>\n<meta property=\"og:description\" content=\"Ros\u00e1lia Diogo \u00e9s professora, periodista, psic\u00f2loga social, curadora d\u2019arts i activista cultural, amb una traject\u00f2ria professional vinculada a la comunicaci\u00f3, la cultura i els estudis socials. Exerceix com a curadora a l\u2019Institut Cultural Casar\u00e3o das Artes Negras de Brasil i com a directora de la Revista Canjer\u00ea, des d\u2019on impulsa la reflexi\u00f3 i la visibilitzaci\u00f3 [&hellip;]\" \/>\n<meta property=\"og:url\" content=\"https:\/\/iaec2026granollers.com\/pt\/congres-aice\/ponents\/rosalia-diogo\/\" \/>\n<meta property=\"og:site_name\" content=\"IAEC 2026 Granollers\" \/>\n<meta property=\"article:modified_time\" content=\"2026-02-06T09:20:20+00:00\" \/>\n<meta property=\"og:image\" content=\"https:\/\/iaec2026granollers.com\/wp-content\/uploads\/2026\/02\/rosalia-amb-credit-scaled.jpg\" \/>\n\t<meta property=\"og:image:width\" content=\"1717\" \/>\n\t<meta property=\"og:image:height\" content=\"2560\" \/>\n\t<meta property=\"og:image:type\" content=\"image\/jpeg\" \/>\n<meta name=\"twitter:card\" content=\"summary_large_image\" \/>\n<meta name=\"twitter:label1\" content=\"Tempo estimado de leitura\" \/>\n\t<meta name=\"twitter:data1\" content=\"2 minutos\" \/>\n<script type=\"application\/ld+json\" class=\"yoast-schema-graph\">{\"@context\":\"https:\/\/schema.org\",\"@graph\":[{\"@type\":\"WebPage\",\"@id\":\"https:\/\/iaec2026granollers.com\/congres-aice\/ponents\/rosalia-diogo\/\",\"url\":\"https:\/\/iaec2026granollers.com\/congres-aice\/ponents\/rosalia-diogo\/\",\"name\":\"Ros\u00e1lia Diogo - IAEC 2026 Granollers\",\"isPartOf\":{\"@id\":\"https:\/\/iaec2026granollers.com\/#website\"},\"primaryImageOfPage\":{\"@id\":\"https:\/\/iaec2026granollers.com\/congres-aice\/ponents\/rosalia-diogo\/#primaryimage\"},\"image\":{\"@id\":\"https:\/\/iaec2026granollers.com\/congres-aice\/ponents\/rosalia-diogo\/#primaryimage\"},\"thumbnailUrl\":\"https:\/\/iaec2026granollers.com\/wp-content\/uploads\/2026\/02\/rosalia-amb-credit-scaled.jpg\",\"datePublished\":\"2026-02-02T16:03:21+00:00\",\"dateModified\":\"2026-02-06T09:20:20+00:00\",\"breadcrumb\":{\"@id\":\"https:\/\/iaec2026granollers.com\/congres-aice\/ponents\/rosalia-diogo\/#breadcrumb\"},\"inLanguage\":\"pt-PT\",\"potentialAction\":[{\"@type\":\"ReadAction\",\"target\":[\"https:\/\/iaec2026granollers.com\/congres-aice\/ponents\/rosalia-diogo\/\"]}]},{\"@type\":\"ImageObject\",\"inLanguage\":\"pt-PT\",\"@id\":\"https:\/\/iaec2026granollers.com\/congres-aice\/ponents\/rosalia-diogo\/#primaryimage\",\"url\":\"https:\/\/iaec2026granollers.com\/wp-content\/uploads\/2026\/02\/rosalia-amb-credit-scaled.jpg\",\"contentUrl\":\"https:\/\/iaec2026granollers.com\/wp-content\/uploads\/2026\/02\/rosalia-amb-credit-scaled.jpg\",\"width\":1717,\"height\":2560},{\"@type\":\"BreadcrumbList\",\"@id\":\"https:\/\/iaec2026granollers.com\/congres-aice\/ponents\/rosalia-diogo\/#breadcrumb\",\"itemListElement\":[{\"@type\":\"ListItem\",\"position\":1,\"name\":\"Inici\",\"item\":\"https:\/\/iaec2026granollers.com\/\"},{\"@type\":\"ListItem\",\"position\":2,\"name\":\"Congr\u00e9s AICE\",\"item\":\"https:\/\/iaec2026granollers.com\/congres-aice\/\"},{\"@type\":\"ListItem\",\"position\":3,\"name\":\"Ponents\",\"item\":\"https:\/\/iaec2026granollers.com\/congres-aice\/ponents\/\"},{\"@type\":\"ListItem\",\"position\":4,\"name\":\"Ros\u00e1lia Diogo\"}]},{\"@type\":\"WebSite\",\"@id\":\"https:\/\/iaec2026granollers.com\/#website\",\"url\":\"https:\/\/iaec2026granollers.com\/\",\"name\":\"IAEC 2026 Granollers\",\"description\":\"\",\"potentialAction\":[{\"@type\":\"SearchAction\",\"target\":{\"@type\":\"EntryPoint\",\"urlTemplate\":\"https:\/\/iaec2026granollers.com\/?s={search_term_string}\"},\"query-input\":{\"@type\":\"PropertyValueSpecification\",\"valueRequired\":true,\"valueName\":\"search_term_string\"}}],\"inLanguage\":\"pt-PT\"}]}<\/script>\n<!-- \/ Yoast SEO plugin. -->","yoast_head_json":{"title":"Ros\u00e1lia Diogo - IAEC 2026 Granollers","robots":{"index":"index","follow":"follow","max-snippet":"max-snippet:-1","max-image-preview":"max-image-preview:large","max-video-preview":"max-video-preview:-1"},"canonical":"https:\/\/iaec2026granollers.com\/pt\/congres-aice\/ponents\/rosalia-diogo\/","og_locale":"pt_PT","og_type":"article","og_title":"Ros\u00e1lia Diogo - IAEC 2026 Granollers","og_description":"Ros\u00e1lia Diogo \u00e9s professora, periodista, psic\u00f2loga social, curadora d\u2019arts i activista cultural, amb una traject\u00f2ria professional vinculada a la comunicaci\u00f3, la cultura i els estudis socials. Exerceix com a curadora a l\u2019Institut Cultural Casar\u00e3o das Artes Negras de Brasil i com a directora de la Revista Canjer\u00ea, des d\u2019on impulsa la reflexi\u00f3 i la visibilitzaci\u00f3 [&hellip;]","og_url":"https:\/\/iaec2026granollers.com\/pt\/congres-aice\/ponents\/rosalia-diogo\/","og_site_name":"IAEC 2026 Granollers","article_modified_time":"2026-02-06T09:20:20+00:00","og_image":[{"width":1717,"height":2560,"url":"https:\/\/iaec2026granollers.com\/wp-content\/uploads\/2026\/02\/rosalia-amb-credit-scaled.jpg","type":"image\/jpeg"}],"twitter_card":"summary_large_image","twitter_misc":{"Tempo estimado de leitura":"2 minutos"},"schema":{"@context":"https:\/\/schema.org","@graph":[{"@type":"WebPage","@id":"https:\/\/iaec2026granollers.com\/congres-aice\/ponents\/rosalia-diogo\/","url":"https:\/\/iaec2026granollers.com\/congres-aice\/ponents\/rosalia-diogo\/","name":"Ros\u00e1lia Diogo - IAEC 2026 Granollers","isPartOf":{"@id":"https:\/\/iaec2026granollers.com\/#website"},"primaryImageOfPage":{"@id":"https:\/\/iaec2026granollers.com\/congres-aice\/ponents\/rosalia-diogo\/#primaryimage"},"image":{"@id":"https:\/\/iaec2026granollers.com\/congres-aice\/ponents\/rosalia-diogo\/#primaryimage"},"thumbnailUrl":"https:\/\/iaec2026granollers.com\/wp-content\/uploads\/2026\/02\/rosalia-amb-credit-scaled.jpg","datePublished":"2026-02-02T16:03:21+00:00","dateModified":"2026-02-06T09:20:20+00:00","breadcrumb":{"@id":"https:\/\/iaec2026granollers.com\/congres-aice\/ponents\/rosalia-diogo\/#breadcrumb"},"inLanguage":"pt-PT","potentialAction":[{"@type":"ReadAction","target":["https:\/\/iaec2026granollers.com\/congres-aice\/ponents\/rosalia-diogo\/"]}]},{"@type":"ImageObject","inLanguage":"pt-PT","@id":"https:\/\/iaec2026granollers.com\/congres-aice\/ponents\/rosalia-diogo\/#primaryimage","url":"https:\/\/iaec2026granollers.com\/wp-content\/uploads\/2026\/02\/rosalia-amb-credit-scaled.jpg","contentUrl":"https:\/\/iaec2026granollers.com\/wp-content\/uploads\/2026\/02\/rosalia-amb-credit-scaled.jpg","width":1717,"height":2560},{"@type":"BreadcrumbList","@id":"https:\/\/iaec2026granollers.com\/congres-aice\/ponents\/rosalia-diogo\/#breadcrumb","itemListElement":[{"@type":"ListItem","position":1,"name":"Inici","item":"https:\/\/iaec2026granollers.com\/"},{"@type":"ListItem","position":2,"name":"Congr\u00e9s AICE","item":"https:\/\/iaec2026granollers.com\/congres-aice\/"},{"@type":"ListItem","position":3,"name":"Ponents","item":"https:\/\/iaec2026granollers.com\/congres-aice\/ponents\/"},{"@type":"ListItem","position":4,"name":"Ros\u00e1lia Diogo"}]},{"@type":"WebSite","@id":"https:\/\/iaec2026granollers.com\/#website","url":"https:\/\/iaec2026granollers.com\/","name":"IAEC 2026 Granollers","description":"","potentialAction":[{"@type":"SearchAction","target":{"@type":"EntryPoint","urlTemplate":"https:\/\/iaec2026granollers.com\/?s={search_term_string}"},"query-input":{"@type":"PropertyValueSpecification","valueRequired":true,"valueName":"search_term_string"}}],"inLanguage":"pt-PT"}]}},"_links":{"self":[{"href":"https:\/\/iaec2026granollers.com\/pt\/wp-json\/wp\/v2\/pages\/3252","targetHints":{"allow":["GET"]}}],"collection":[{"href":"https:\/\/iaec2026granollers.com\/pt\/wp-json\/wp\/v2\/pages"}],"about":[{"href":"https:\/\/iaec2026granollers.com\/pt\/wp-json\/wp\/v2\/types\/page"}],"author":[{"embeddable":true,"href":"https:\/\/iaec2026granollers.com\/pt\/wp-json\/wp\/v2\/users\/7"}],"replies":[{"embeddable":true,"href":"https:\/\/iaec2026granollers.com\/pt\/wp-json\/wp\/v2\/comments?post=3252"}],"version-history":[{"count":2,"href":"https:\/\/iaec2026granollers.com\/pt\/wp-json\/wp\/v2\/pages\/3252\/revisions"}],"predecessor-version":[{"id":3337,"href":"https:\/\/iaec2026granollers.com\/pt\/wp-json\/wp\/v2\/pages\/3252\/revisions\/3337"}],"up":[{"embeddable":true,"href":"https:\/\/iaec2026granollers.com\/pt\/wp-json\/wp\/v2\/pages\/2311"}],"wp:featuredmedia":[{"embeddable":true,"href":"https:\/\/iaec2026granollers.com\/pt\/wp-json\/wp\/v2\/media\/3339"}],"wp:attachment":[{"href":"https:\/\/iaec2026granollers.com\/pt\/wp-json\/wp\/v2\/media?parent=3252"}],"curies":[{"name":"wp","href":"https:\/\/api.w.org\/{rel}","templated":true}]}}