{"id":3262,"date":"2026-02-02T17:02:17","date_gmt":"2026-02-02T16:02:17","guid":{"rendered":"https:\/\/iaec2026granollers.com\/?page_id=3262"},"modified":"2026-02-02T17:02:17","modified_gmt":"2026-02-02T16:02:17","slug":"eliane-brum","status":"publish","type":"page","link":"https:\/\/iaec2026granollers.com\/pt\/congres-aice\/ponents\/eliane-brum\/","title":{"rendered":"Eliane Brum"},"content":{"rendered":"<p>Eliane Brum \u00e9 uma<strong> jornalista, escritor e documentarista<\/strong> Reconhecida internacionalmente por seu trabalho em jornalismo investigativo, ela j\u00e1 ganhou mais de 40 pr\u00eamios de reportagem e colaborou com ve\u00edculos como El Pa\u00eds, The Guardian e The New York Times. \u00c9 cofundadora da plataforma SUMA\u00daMA (2022), dedicada a divulgar hist\u00f3rias da Amaz\u00f4nia e de outras partes do mundo a partir da perspectiva de seus povos.<\/p>\n<p>Brum foi laureada com o Pr\u00eamio Mundial de Liberdade de Imprensa Guillermo Cano da UNESCO (2008) e o Pr\u00eamio Maria Moors Cabot (2021) por sua carreira. Ela tamb\u00e9m dirigiu document\u00e1rios como Uma Historia Severina e publicou o livro La Amazonia, viaje al centro del mundo (2024), no qual explora a realidade amaz\u00f4nica. A revista Prospect a nomeou como uma das artistas mais influentes da Amaz\u00f4nia. <strong>um dos pensadores mais influentes do mundo em 2025<\/strong>.<\/p>\n<h4>Obras em destaque<\/h4>\n<p><strong>A Amaz\u00f4nia (Viagem ao centro do mundo).<\/strong> Trata-se de um testemunho jornal\u00edstico e pol\u00edtico em primeira m\u00e3o sobre a floresta amaz\u00f4nica e sua destrui\u00e7\u00e3o, escrito a partir do pr\u00f3prio cora\u00e7\u00e3o da Amaz\u00f4nia, ap\u00f3s Brum se mudar para l\u00e1.<\/p>\n<p><strong>O Colecionador de Almas Esquecidas: Despachos do Brasil.<\/strong> Esta obra reafirma Brum como jornalista que narra a hist\u00f3ria do Brasil contempor\u00e2neo, combinando cr\u00f4nicas, reportagens e perfis de pessoas frequentemente invis\u00edveis.<\/p>\n<p><strong>Meus desaconcimentos: Uma hist\u00f3ria da minha vida em palavras.<\/strong> Um livro mais pessoal e reflexivo no qual Brum explora sua pr\u00f3pria hist\u00f3ria, sua rela\u00e7\u00e3o com as palavras e sua carreira como escritora e jornalista.<\/p>","protected":false},"excerpt":{"rendered":"<p>Eliane Brum \u00e9s una periodista, escriptora i documentalista reconeguda internacionalment per la seva tasca en el periodisme d\u2019investigaci\u00f3. Ha guanyat m\u00e9s de 40 premis de reportatge i ha col\u00b7laborat en mitjans com El Pa\u00eds, The Guardian i The New York Times. \u00c9s cofundadora de la plataforma SUMA\u00daMA (2022), dedicada a difondre hist\u00f2ries de l&#8217;Amaz\u00f2nia i [&hellip;]<\/p>","protected":false},"author":7,"featured_media":3174,"parent":2311,"menu_order":30,"comment_status":"closed","ping_status":"closed","template":"page-ponents.php","meta":{"_acf_changed":false,"footnotes":""},"class_list":["post-3262","page","type-page","status-publish","has-post-thumbnail","hentry"],"acf":[],"yoast_head":"<!-- This site is optimized with the Yoast SEO plugin v26.6 - https:\/\/yoast.com\/wordpress\/plugins\/seo\/ -->\n<title>Eliane Brum - IAEC 2026 Granollers<\/title>\n<meta name=\"robots\" content=\"index, follow, max-snippet:-1, max-image-preview:large, max-video-preview:-1\" \/>\n<link rel=\"canonical\" href=\"https:\/\/iaec2026granollers.com\/pt\/congres-aice\/ponents\/eliane-brum\/\" \/>\n<meta property=\"og:locale\" content=\"pt_PT\" \/>\n<meta property=\"og:type\" content=\"article\" \/>\n<meta property=\"og:title\" content=\"Eliane Brum - IAEC 2026 Granollers\" \/>\n<meta property=\"og:description\" content=\"Eliane Brum \u00e9s una periodista, escriptora i documentalista reconeguda internacionalment per la seva tasca en el periodisme d\u2019investigaci\u00f3. Ha guanyat m\u00e9s de 40 premis de reportatge i ha col\u00b7laborat en mitjans com El Pa\u00eds, The Guardian i The New York Times. \u00c9s cofundadora de la plataforma SUMA\u00daMA (2022), dedicada a difondre hist\u00f2ries de l&#8217;Amaz\u00f2nia i [&hellip;]\" \/>\n<meta property=\"og:url\" content=\"https:\/\/iaec2026granollers.com\/pt\/congres-aice\/ponents\/eliane-brum\/\" \/>\n<meta property=\"og:site_name\" content=\"IAEC 2026 Granollers\" \/>\n<meta property=\"og:image\" content=\"https:\/\/iaec2026granollers.com\/wp-content\/uploads\/2026\/01\/Eliane_Brum_2014_cropped.jpg\" \/>\n\t<meta property=\"og:image:width\" content=\"640\" \/>\n\t<meta property=\"og:image:height\" content=\"616\" \/>\n\t<meta property=\"og:image:type\" content=\"image\/jpeg\" \/>\n<meta name=\"twitter:card\" content=\"summary_large_image\" \/>\n<meta name=\"twitter:label1\" content=\"Tempo estimado de leitura\" \/>\n\t<meta name=\"twitter:data1\" content=\"2 minutos\" \/>\n<script type=\"application\/ld+json\" class=\"yoast-schema-graph\">{\"@context\":\"https:\/\/schema.org\",\"@graph\":[{\"@type\":\"WebPage\",\"@id\":\"https:\/\/iaec2026granollers.com\/congres-aice\/ponents\/eliane-brum\/\",\"url\":\"https:\/\/iaec2026granollers.com\/congres-aice\/ponents\/eliane-brum\/\",\"name\":\"Eliane Brum - IAEC 2026 Granollers\",\"isPartOf\":{\"@id\":\"https:\/\/iaec2026granollers.com\/#website\"},\"primaryImageOfPage\":{\"@id\":\"https:\/\/iaec2026granollers.com\/congres-aice\/ponents\/eliane-brum\/#primaryimage\"},\"image\":{\"@id\":\"https:\/\/iaec2026granollers.com\/congres-aice\/ponents\/eliane-brum\/#primaryimage\"},\"thumbnailUrl\":\"https:\/\/iaec2026granollers.com\/wp-content\/uploads\/2026\/01\/Eliane_Brum_2014_cropped.jpg\",\"datePublished\":\"2026-02-02T16:02:17+00:00\",\"breadcrumb\":{\"@id\":\"https:\/\/iaec2026granollers.com\/congres-aice\/ponents\/eliane-brum\/#breadcrumb\"},\"inLanguage\":\"pt-PT\",\"potentialAction\":[{\"@type\":\"ReadAction\",\"target\":[\"https:\/\/iaec2026granollers.com\/congres-aice\/ponents\/eliane-brum\/\"]}]},{\"@type\":\"ImageObject\",\"inLanguage\":\"pt-PT\",\"@id\":\"https:\/\/iaec2026granollers.com\/congres-aice\/ponents\/eliane-brum\/#primaryimage\",\"url\":\"https:\/\/iaec2026granollers.com\/wp-content\/uploads\/2026\/01\/Eliane_Brum_2014_cropped.jpg\",\"contentUrl\":\"https:\/\/iaec2026granollers.com\/wp-content\/uploads\/2026\/01\/Eliane_Brum_2014_cropped.jpg\",\"width\":640,\"height\":616,\"caption\":\"Eliane Brum\"},{\"@type\":\"BreadcrumbList\",\"@id\":\"https:\/\/iaec2026granollers.com\/congres-aice\/ponents\/eliane-brum\/#breadcrumb\",\"itemListElement\":[{\"@type\":\"ListItem\",\"position\":1,\"name\":\"Inici\",\"item\":\"https:\/\/iaec2026granollers.com\/\"},{\"@type\":\"ListItem\",\"position\":2,\"name\":\"Congr\u00e9s AICE\",\"item\":\"https:\/\/iaec2026granollers.com\/congres-aice\/\"},{\"@type\":\"ListItem\",\"position\":3,\"name\":\"Ponents\",\"item\":\"https:\/\/iaec2026granollers.com\/congres-aice\/ponents\/\"},{\"@type\":\"ListItem\",\"position\":4,\"name\":\"Eliane Brum\"}]},{\"@type\":\"WebSite\",\"@id\":\"https:\/\/iaec2026granollers.com\/#website\",\"url\":\"https:\/\/iaec2026granollers.com\/\",\"name\":\"IAEC 2026 Granollers\",\"description\":\"\",\"potentialAction\":[{\"@type\":\"SearchAction\",\"target\":{\"@type\":\"EntryPoint\",\"urlTemplate\":\"https:\/\/iaec2026granollers.com\/?s={search_term_string}\"},\"query-input\":{\"@type\":\"PropertyValueSpecification\",\"valueRequired\":true,\"valueName\":\"search_term_string\"}}],\"inLanguage\":\"pt-PT\"}]}<\/script>\n<!-- \/ Yoast SEO plugin. -->","yoast_head_json":{"title":"Eliane Brum - IAEC 2026 Granollers","robots":{"index":"index","follow":"follow","max-snippet":"max-snippet:-1","max-image-preview":"max-image-preview:large","max-video-preview":"max-video-preview:-1"},"canonical":"https:\/\/iaec2026granollers.com\/pt\/congres-aice\/ponents\/eliane-brum\/","og_locale":"pt_PT","og_type":"article","og_title":"Eliane Brum - IAEC 2026 Granollers","og_description":"Eliane Brum \u00e9s una periodista, escriptora i documentalista reconeguda internacionalment per la seva tasca en el periodisme d\u2019investigaci\u00f3. Ha guanyat m\u00e9s de 40 premis de reportatge i ha col\u00b7laborat en mitjans com El Pa\u00eds, The Guardian i The New York Times. \u00c9s cofundadora de la plataforma SUMA\u00daMA (2022), dedicada a difondre hist\u00f2ries de l&#8217;Amaz\u00f2nia i [&hellip;]","og_url":"https:\/\/iaec2026granollers.com\/pt\/congres-aice\/ponents\/eliane-brum\/","og_site_name":"IAEC 2026 Granollers","og_image":[{"width":640,"height":616,"url":"https:\/\/iaec2026granollers.com\/wp-content\/uploads\/2026\/01\/Eliane_Brum_2014_cropped.jpg","type":"image\/jpeg"}],"twitter_card":"summary_large_image","twitter_misc":{"Tempo estimado de leitura":"2 minutos"},"schema":{"@context":"https:\/\/schema.org","@graph":[{"@type":"WebPage","@id":"https:\/\/iaec2026granollers.com\/congres-aice\/ponents\/eliane-brum\/","url":"https:\/\/iaec2026granollers.com\/congres-aice\/ponents\/eliane-brum\/","name":"Eliane Brum - IAEC 2026 Granollers","isPartOf":{"@id":"https:\/\/iaec2026granollers.com\/#website"},"primaryImageOfPage":{"@id":"https:\/\/iaec2026granollers.com\/congres-aice\/ponents\/eliane-brum\/#primaryimage"},"image":{"@id":"https:\/\/iaec2026granollers.com\/congres-aice\/ponents\/eliane-brum\/#primaryimage"},"thumbnailUrl":"https:\/\/iaec2026granollers.com\/wp-content\/uploads\/2026\/01\/Eliane_Brum_2014_cropped.jpg","datePublished":"2026-02-02T16:02:17+00:00","breadcrumb":{"@id":"https:\/\/iaec2026granollers.com\/congres-aice\/ponents\/eliane-brum\/#breadcrumb"},"inLanguage":"pt-PT","potentialAction":[{"@type":"ReadAction","target":["https:\/\/iaec2026granollers.com\/congres-aice\/ponents\/eliane-brum\/"]}]},{"@type":"ImageObject","inLanguage":"pt-PT","@id":"https:\/\/iaec2026granollers.com\/congres-aice\/ponents\/eliane-brum\/#primaryimage","url":"https:\/\/iaec2026granollers.com\/wp-content\/uploads\/2026\/01\/Eliane_Brum_2014_cropped.jpg","contentUrl":"https:\/\/iaec2026granollers.com\/wp-content\/uploads\/2026\/01\/Eliane_Brum_2014_cropped.jpg","width":640,"height":616,"caption":"Eliane Brum"},{"@type":"BreadcrumbList","@id":"https:\/\/iaec2026granollers.com\/congres-aice\/ponents\/eliane-brum\/#breadcrumb","itemListElement":[{"@type":"ListItem","position":1,"name":"Inici","item":"https:\/\/iaec2026granollers.com\/"},{"@type":"ListItem","position":2,"name":"Congr\u00e9s AICE","item":"https:\/\/iaec2026granollers.com\/congres-aice\/"},{"@type":"ListItem","position":3,"name":"Ponents","item":"https:\/\/iaec2026granollers.com\/congres-aice\/ponents\/"},{"@type":"ListItem","position":4,"name":"Eliane Brum"}]},{"@type":"WebSite","@id":"https:\/\/iaec2026granollers.com\/#website","url":"https:\/\/iaec2026granollers.com\/","name":"IAEC 2026 Granollers","description":"","potentialAction":[{"@type":"SearchAction","target":{"@type":"EntryPoint","urlTemplate":"https:\/\/iaec2026granollers.com\/?s={search_term_string}"},"query-input":{"@type":"PropertyValueSpecification","valueRequired":true,"valueName":"search_term_string"}}],"inLanguage":"pt-PT"}]}},"_links":{"self":[{"href":"https:\/\/iaec2026granollers.com\/pt\/wp-json\/wp\/v2\/pages\/3262","targetHints":{"allow":["GET"]}}],"collection":[{"href":"https:\/\/iaec2026granollers.com\/pt\/wp-json\/wp\/v2\/pages"}],"about":[{"href":"https:\/\/iaec2026granollers.com\/pt\/wp-json\/wp\/v2\/types\/page"}],"author":[{"embeddable":true,"href":"https:\/\/iaec2026granollers.com\/pt\/wp-json\/wp\/v2\/users\/7"}],"replies":[{"embeddable":true,"href":"https:\/\/iaec2026granollers.com\/pt\/wp-json\/wp\/v2\/comments?post=3262"}],"version-history":[{"count":2,"href":"https:\/\/iaec2026granollers.com\/pt\/wp-json\/wp\/v2\/pages\/3262\/revisions"}],"predecessor-version":[{"id":3269,"href":"https:\/\/iaec2026granollers.com\/pt\/wp-json\/wp\/v2\/pages\/3262\/revisions\/3269"}],"up":[{"embeddable":true,"href":"https:\/\/iaec2026granollers.com\/pt\/wp-json\/wp\/v2\/pages\/2311"}],"wp:featuredmedia":[{"embeddable":true,"href":"https:\/\/iaec2026granollers.com\/pt\/wp-json\/wp\/v2\/media\/3174"}],"wp:attachment":[{"href":"https:\/\/iaec2026granollers.com\/pt\/wp-json\/wp\/v2\/media?parent=3262"}],"curies":[{"name":"wp","href":"https:\/\/api.w.org\/{rel}","templated":true}]}}