{"id":547,"date":"2024-01-22T10:19:01","date_gmt":"2024-01-22T10:19:01","guid":{"rendered":"https:\/\/iaec2026granollers.com\/avis-legal\/"},"modified":"2025-09-04T12:28:55","modified_gmt":"2025-09-04T11:28:55","slug":"avis-legal","status":"publish","type":"page","link":"https:\/\/iaec2026granollers.com\/pt\/avis-legal\/","title":{"rendered":"Aviso legal"},"content":{"rendered":"<p>A Prefeitura de Granollers mant\u00e9m este site com o objetivo de facilitar o acesso a informa\u00e7\u00f5es municipais e n\u00e3o municipais atualizadas e precisas. Tentaremos corrigir quaisquer erros que nos sejam comunicados.<\/p>\n<p>A reprodu\u00e7\u00e3o do conte\u00fado \u00e9 autorizada, exceto para fins comerciais, desde que citada a fonte.<\/p>\n<p>Algumas p\u00e1ginas deste site cont\u00eam refer\u00eancias ou links para sites de outras organiza\u00e7\u00f5es. A Prefeitura de Granollers n\u00e3o se responsabiliza pela exatid\u00e3o ou atualiza\u00e7\u00e3o desses sites externos.<\/p>\n<p>A PREFEITURA MUNICIPAL DE GRANOLLERS informa que, de acordo com o estabelecido pela Lei Org\u00e2nica 15\/1999 de Prote\u00e7\u00e3o de Dados Pessoais, os dados pessoais s\u00e3o considerados confidenciais, pelo que se observa a mais absoluta reserva em rela\u00e7\u00e3o aos mesmos.<\/p>\n<p>Da mesma forma, a obriga\u00e7\u00e3o de sigilo profissional deve ser observada por todos os funcion\u00e1rios da CONSELHO MUNICIPAL DE GRANOLLERS.<\/p>\n<p>As pessoas cujos dados pessoais est\u00e3o em posse da C\u00e2mara Municipal de Granollers poder\u00e3o exercer os seus direitos de acesso, retifica\u00e7\u00e3o e cancelamento, enviando uma carta para o seguinte endere\u00e7o postal:<\/p>\n<p>Secretariado da C\u00e2mara Municipal de Granollers<\/p>\n<p>Pl. de la Porxada, 6, 4\u00ba andar<\/p>\n<p>08401 Granollers<\/p>\n<p>indicando claramente no assunto: Prote\u00e7\u00e3o de Direitos Lei Org\u00e2nica de Prote\u00e7\u00e3o de Dados (LOPD).<\/p>\n<p><strong>Propriedade intelectual<\/strong><\/p>\n<p>Este site e todos os sinais distintivos, marcas, nomes comerciais, conte\u00fados (textos, gr\u00e1ficos, imagens, fotografias, mapas, software, links e outros conte\u00fados audiovisuais ou sonoros e c\u00f3digos-fonte), design e quaisquer outras informa\u00e7\u00f5es que nele apare\u00e7am s\u00e3o propriedade da C\u00e2mara Municipal de Granollers, de terceiros que autorizaram a sua utiliza\u00e7\u00e3o pela C\u00e2mara Municipal ou daqueles cuja autoria ou titularidade tenha sido identificada. Este conte\u00fado est\u00e1 protegido por direitos de propriedade industrial e intelectual.<\/p>\n<p>Em geral, e salvo indica\u00e7\u00e3o expressa em contr\u00e1rio, o conte\u00fado deste site, de responsabilidade da Prefeitura de Granollers, pode ser reproduzido, distribu\u00eddo e comunicado publicamente, desde que seja indicada a origem e a autoria. No entanto, o conte\u00fado n\u00e3o pode ser utilizado para fins comerciais, nem podem ser criados trabalhos derivados dele, sem autoriza\u00e7\u00e3o expressa da Prefeitura.<\/p>\n<p>A C\u00e2mara Municipal de Granollers reserva-se o direito de tomar as medidas legais cab\u00edveis caso terceiros fa\u00e7am uso il\u00edcito do conte\u00fado do seu site.<\/p>\n<p>Caso o site utilize cookies<\/p>\n<p>Um cookie \u00e9 um pequeno arquivo de dados que alguns sites gravam no seu disco r\u00edgido quando voc\u00ea os visita.<\/p>\n<p>Um arquivo de cookie pode conter informa\u00e7\u00f5es como o ID do usu\u00e1rio, e o site o utiliza para rastrear as p\u00e1ginas que voc\u00ea visitou. A \u00fanica informa\u00e7\u00e3o pessoal que um cookie pode conter s\u00e3o as informa\u00e7\u00f5es que voc\u00ea fornece a ele.<\/p>\n<p>Um cookie n\u00e3o pode ler dados do seu disco r\u00edgido, nem pode ser executado como c\u00f3digo ou conter v\u00edrus.<\/p>\n<p>Utilizamos cookies para determinar a utilidade das informa\u00e7\u00f5es fornecidas aos nossos usu\u00e1rios e para nos ajudar a avaliar a efic\u00e1cia da nossa estrutura de navega\u00e7\u00e3o e concentrar nossos esfor\u00e7os nas informa\u00e7\u00f5es que voc\u00ea precisa. N\u00e3o correlacionamos essas informa\u00e7\u00f5es com dados individuais dos usu\u00e1rios nem as compartilhamos com terceiros. Voc\u00ea pode configurar seu navegador para aceitar todos os cookies ou para notific\u00e1-lo sempre que um cookie for oferecido.<\/p>\n<p>Se n\u00e3o desejar receber cookies, voc\u00ea pode instruir seu navegador a avis\u00e1-lo antes de aceit\u00e1-los e rejeit\u00e1-los. Voc\u00ea tamb\u00e9m pode recusar todos os cookies instruindo seu navegador.<\/p>","protected":false},"excerpt":{"rendered":"<p>L&#8217;Ajuntament de Granollers mant\u00e9 aquesta web amb l&#8217;objectiu de facilitar l&#8217;acc\u00e9s a informaci\u00f3 municipal i no municipal actualitzada i exacta. Tractarem de corregir els errors que se&#8217;ns assenyali. S&#8217;autoritza la reproducci\u00f3 dels continguts, excepte amb finalitats comercials, sempre que se citi la font. Algunes p\u00e0gines d&#8217;aquesta web contenen refer\u00e8ncies o enlla\u00e7os a webs d&#8217;altres organitzacions. [&hellip;]<\/p>","protected":false},"author":1,"featured_media":0,"parent":0,"menu_order":8,"comment_status":"closed","ping_status":"closed","template":"","meta":{"_acf_changed":false,"footnotes":""},"class_list":["post-547","page","type-page","status-publish","hentry"],"acf":[],"yoast_head":"<!-- This site is optimized with the Yoast SEO plugin v26.6 - https:\/\/yoast.com\/wordpress\/plugins\/seo\/ -->\n<title>Av\u00eds legal - IAEC 2026 Granollers<\/title>\n<meta name=\"robots\" content=\"index, follow, max-snippet:-1, max-image-preview:large, max-video-preview:-1\" \/>\n<link rel=\"canonical\" href=\"https:\/\/iaec2026granollers.com\/pt\/avis-legal\/\" \/>\n<meta property=\"og:locale\" content=\"pt_PT\" \/>\n<meta property=\"og:type\" content=\"article\" \/>\n<meta property=\"og:title\" content=\"Av\u00eds legal - IAEC 2026 Granollers\" \/>\n<meta property=\"og:description\" content=\"L&#8217;Ajuntament de Granollers mant\u00e9 aquesta web amb l&#8217;objectiu de facilitar l&#8217;acc\u00e9s a informaci\u00f3 municipal i no municipal actualitzada i exacta. Tractarem de corregir els errors que se&#8217;ns assenyali. S&#8217;autoritza la reproducci\u00f3 dels continguts, excepte amb finalitats comercials, sempre que se citi la font. Algunes p\u00e0gines d&#8217;aquesta web contenen refer\u00e8ncies o enlla\u00e7os a webs d&#8217;altres organitzacions. [&hellip;]\" \/>\n<meta property=\"og:url\" content=\"https:\/\/iaec2026granollers.com\/pt\/avis-legal\/\" \/>\n<meta property=\"og:site_name\" content=\"IAEC 2026 Granollers\" \/>\n<meta property=\"article:modified_time\" content=\"2025-09-04T11:28:55+00:00\" \/>\n<meta name=\"twitter:card\" content=\"summary_large_image\" \/>\n<meta name=\"twitter:label1\" content=\"Tempo estimado de leitura\" \/>\n\t<meta name=\"twitter:data1\" content=\"3 minutos\" \/>\n<script type=\"application\/ld+json\" class=\"yoast-schema-graph\">{\"@context\":\"https:\/\/schema.org\",\"@graph\":[{\"@type\":\"WebPage\",\"@id\":\"https:\/\/iaec2026granollers.com\/avis-legal\/\",\"url\":\"https:\/\/iaec2026granollers.com\/avis-legal\/\",\"name\":\"Av\u00eds legal - IAEC 2026 Granollers\",\"isPartOf\":{\"@id\":\"https:\/\/iaec2026granollers.com\/#website\"},\"datePublished\":\"2024-01-22T10:19:01+00:00\",\"dateModified\":\"2025-09-04T11:28:55+00:00\",\"breadcrumb\":{\"@id\":\"https:\/\/iaec2026granollers.com\/avis-legal\/#breadcrumb\"},\"inLanguage\":\"pt-PT\",\"potentialAction\":[{\"@type\":\"ReadAction\",\"target\":[\"https:\/\/iaec2026granollers.com\/avis-legal\/\"]}]},{\"@type\":\"BreadcrumbList\",\"@id\":\"https:\/\/iaec2026granollers.com\/avis-legal\/#breadcrumb\",\"itemListElement\":[{\"@type\":\"ListItem\",\"position\":1,\"name\":\"Inici\",\"item\":\"https:\/\/iaec2026granollers.com\/\"},{\"@type\":\"ListItem\",\"position\":2,\"name\":\"Av\u00eds legal\"}]},{\"@type\":\"WebSite\",\"@id\":\"https:\/\/iaec2026granollers.com\/#website\",\"url\":\"https:\/\/iaec2026granollers.com\/\",\"name\":\"IAEC 2026 Granollers\",\"description\":\"\",\"potentialAction\":[{\"@type\":\"SearchAction\",\"target\":{\"@type\":\"EntryPoint\",\"urlTemplate\":\"https:\/\/iaec2026granollers.com\/?s={search_term_string}\"},\"query-input\":{\"@type\":\"PropertyValueSpecification\",\"valueRequired\":true,\"valueName\":\"search_term_string\"}}],\"inLanguage\":\"pt-PT\"}]}<\/script>\n<!-- \/ Yoast SEO plugin. -->","yoast_head_json":{"title":"Av\u00eds legal - IAEC 2026 Granollers","robots":{"index":"index","follow":"follow","max-snippet":"max-snippet:-1","max-image-preview":"max-image-preview:large","max-video-preview":"max-video-preview:-1"},"canonical":"https:\/\/iaec2026granollers.com\/pt\/avis-legal\/","og_locale":"pt_PT","og_type":"article","og_title":"Av\u00eds legal - IAEC 2026 Granollers","og_description":"L&#8217;Ajuntament de Granollers mant\u00e9 aquesta web amb l&#8217;objectiu de facilitar l&#8217;acc\u00e9s a informaci\u00f3 municipal i no municipal actualitzada i exacta. Tractarem de corregir els errors que se&#8217;ns assenyali. S&#8217;autoritza la reproducci\u00f3 dels continguts, excepte amb finalitats comercials, sempre que se citi la font. Algunes p\u00e0gines d&#8217;aquesta web contenen refer\u00e8ncies o enlla\u00e7os a webs d&#8217;altres organitzacions. [&hellip;]","og_url":"https:\/\/iaec2026granollers.com\/pt\/avis-legal\/","og_site_name":"IAEC 2026 Granollers","article_modified_time":"2025-09-04T11:28:55+00:00","twitter_card":"summary_large_image","twitter_misc":{"Tempo estimado de leitura":"3 minutos"},"schema":{"@context":"https:\/\/schema.org","@graph":[{"@type":"WebPage","@id":"https:\/\/iaec2026granollers.com\/avis-legal\/","url":"https:\/\/iaec2026granollers.com\/avis-legal\/","name":"Av\u00eds legal - IAEC 2026 Granollers","isPartOf":{"@id":"https:\/\/iaec2026granollers.com\/#website"},"datePublished":"2024-01-22T10:19:01+00:00","dateModified":"2025-09-04T11:28:55+00:00","breadcrumb":{"@id":"https:\/\/iaec2026granollers.com\/avis-legal\/#breadcrumb"},"inLanguage":"pt-PT","potentialAction":[{"@type":"ReadAction","target":["https:\/\/iaec2026granollers.com\/avis-legal\/"]}]},{"@type":"BreadcrumbList","@id":"https:\/\/iaec2026granollers.com\/avis-legal\/#breadcrumb","itemListElement":[{"@type":"ListItem","position":1,"name":"Inici","item":"https:\/\/iaec2026granollers.com\/"},{"@type":"ListItem","position":2,"name":"Av\u00eds legal"}]},{"@type":"WebSite","@id":"https:\/\/iaec2026granollers.com\/#website","url":"https:\/\/iaec2026granollers.com\/","name":"IAEC 2026 Granollers","description":"","potentialAction":[{"@type":"SearchAction","target":{"@type":"EntryPoint","urlTemplate":"https:\/\/iaec2026granollers.com\/?s={search_term_string}"},"query-input":{"@type":"PropertyValueSpecification","valueRequired":true,"valueName":"search_term_string"}}],"inLanguage":"pt-PT"}]}},"_links":{"self":[{"href":"https:\/\/iaec2026granollers.com\/pt\/wp-json\/wp\/v2\/pages\/547","targetHints":{"allow":["GET"]}}],"collection":[{"href":"https:\/\/iaec2026granollers.com\/pt\/wp-json\/wp\/v2\/pages"}],"about":[{"href":"https:\/\/iaec2026granollers.com\/pt\/wp-json\/wp\/v2\/types\/page"}],"author":[{"embeddable":true,"href":"https:\/\/iaec2026granollers.com\/pt\/wp-json\/wp\/v2\/users\/1"}],"replies":[{"embeddable":true,"href":"https:\/\/iaec2026granollers.com\/pt\/wp-json\/wp\/v2\/comments?post=547"}],"version-history":[{"count":4,"href":"https:\/\/iaec2026granollers.com\/pt\/wp-json\/wp\/v2\/pages\/547\/revisions"}],"predecessor-version":[{"id":2852,"href":"https:\/\/iaec2026granollers.com\/pt\/wp-json\/wp\/v2\/pages\/547\/revisions\/2852"}],"wp:attachment":[{"href":"https:\/\/iaec2026granollers.com\/pt\/wp-json\/wp\/v2\/media?parent=547"}],"curies":[{"name":"wp","href":"https:\/\/api.w.org\/{rel}","templated":true}]}}